{"id":6973,"date":"2016-11-03T15:16:01","date_gmt":"2016-11-03T14:16:01","guid":{"rendered":"http:\/\/www.welcometoelba.com\/fr\/minihotel-appartements-lacona\/booking-online\/"},"modified":"2018-01-09T11:52:42","modified_gmt":"2018-01-09T10:52:42","slug":"reservation-en-ligne","status":"publish","type":"page","link":"https:\/\/www.welcometoelba.com\/fr\/reservation-en-ligne\/","title":{"rendered":"R\u00e9servation En Ligne"},"content":{"rendered":"<p>[et_pb_section bb_built=\u00a0\u00bb1&Prime; fullwidth=\u00a0\u00bbon\u00a0\u00bb specialty=\u00a0\u00bboff\u00a0\u00bb][et_pb_fullwidth_code admin_label=\u00a0\u00bbNo Header\u00a0\u00bb]&lt;div style=&quot;height:50px;&quot;&gt;&lt;\/div&gt;[\/et_pb_fullwidth_code][\/et_pb_section][et_pb_section bb_built=\u00a0\u00bb1&Prime; fullwidth=\u00a0\u00bboff\u00a0\u00bb specialty=\u00a0\u00bboff\u00a0\u00bb transparent_background=\u00a0\u00bboff\u00a0\u00bb allow_player_pause=\u00a0\u00bboff\u00a0\u00bb inner_shadow=\u00a0\u00bboff\u00a0\u00bb parallax=\u00a0\u00bboff\u00a0\u00bb parallax_method=\u00a0\u00bboff\u00a0\u00bb custom_padding=\u00a0\u00bb0px||0px|\u00a0\u00bb padding_mobile=\u00a0\u00bboff\u00a0\u00bb make_fullwidth=\u00a0\u00bboff\u00a0\u00bb use_custom_width=\u00a0\u00bboff\u00a0\u00bb width_unit=\u00a0\u00bbon\u00a0\u00bb make_equal=\u00a0\u00bboff\u00a0\u00bb use_custom_gutter=\u00a0\u00bboff\u00a0\u00bb custom_padding_tablet=\u00a0\u00bb50px|0|50px|0&Prime; custom_padding_last_edited=\u00a0\u00bbon|desktop\u00a0\u00bb][et_pb_row make_fullwidth=\u00a0\u00bboff\u00a0\u00bb use_custom_width=\u00a0\u00bboff\u00a0\u00bb width_unit=\u00a0\u00bbon\u00a0\u00bb use_custom_gutter=\u00a0\u00bboff\u00a0\u00bb custom_padding=\u00a0\u00bb20px|20px\u00a0\u00bb padding_mobile=\u00a0\u00bboff\u00a0\u00bb allow_player_pause=\u00a0\u00bboff\u00a0\u00bb parallax=\u00a0\u00bboff\u00a0\u00bb parallax_method=\u00a0\u00bboff\u00a0\u00bb make_equal=\u00a0\u00bboff\u00a0\u00bb column_padding_mobile=\u00a0\u00bbon\u00a0\u00bb gutter_width=\u00a0\u00bb3&Prime; parallax_1=\u00a0\u00bboff\u00a0\u00bb parallax_method_1=\u00a0\u00bboff\u00a0\u00bb background_position=\u00a0\u00bbtop_left\u00a0\u00bb background_repeat=\u00a0\u00bbrepeat\u00a0\u00bb background_size=\u00a0\u00bbinitial\u00a0\u00bb][et_pb_column type=\u00a0\u00bb4_4&Prime;][et_pb_text admin_label=\u00a0\u00bbBreadcrumb\u00a0\u00bb background_layout=\u00a0\u00bblight\u00a0\u00bb text_orientation=\u00a0\u00bbleft\u00a0\u00bb use_border_color=\u00a0\u00bboff\u00a0\u00bb border_color=\u00a0\u00bb#ffffff\u00a0\u00bb border_style=\u00a0\u00bbsolid\u00a0\u00bb text_font=\u00a0\u00bbJudson||||\u00a0\u00bb text_font_size=\u00a0\u00bb18&Prime; text_text_color=\u00a0\u00bb#cccccc\u00a0\u00bb module_class=\u00a0\u00bbbread\u00a0\u00bb background_position=\u00a0\u00bbtop_left\u00a0\u00bb background_repeat=\u00a0\u00bbrepeat\u00a0\u00bb background_size=\u00a0\u00bbinitial\u00a0\u00bb]<\/p>\n<p><a href=\"\/fr\/\">HOME<\/a>&nbsp;&nbsp;&gt;&nbsp;&nbsp;<a href=\"\/fr\/minihotel-appartements-lacona\/\">RTA MINI HOTEL<\/a>&nbsp;&nbsp;&gt;&nbsp;&nbsp;<a href=\"\/fr\/minihotel-appartements-lacona\/reservation-en-ligne\/\">R\u00c9SERVATION EN LIGNE<\/a><\/p>\n<p>[\/et_pb_text][\/et_pb_column][\/et_pb_row][\/et_pb_section][et_pb_section bb_built=\u00a0\u00bb1&Prime; fullwidth=\u00a0\u00bboff\u00a0\u00bb specialty=\u00a0\u00bboff\u00a0\u00bb transparent_background=\u00a0\u00bboff\u00a0\u00bb background_color=\u00a0\u00bb#f6f6f6&Prime; allow_player_pause=\u00a0\u00bboff\u00a0\u00bb inner_shadow=\u00a0\u00bboff\u00a0\u00bb parallax=\u00a0\u00bboff\u00a0\u00bb parallax_method=\u00a0\u00bboff\u00a0\u00bb padding_mobile=\u00a0\u00bboff\u00a0\u00bb make_fullwidth=\u00a0\u00bboff\u00a0\u00bb use_custom_width=\u00a0\u00bboff\u00a0\u00bb width_unit=\u00a0\u00bbon\u00a0\u00bb make_equal=\u00a0\u00bboff\u00a0\u00bb use_custom_gutter=\u00a0\u00bboff\u00a0\u00bb custom_padding=\u00a0\u00bb0px|0px|0px|0px\u00a0\u00bb gutter_width=\u00a0\u00bb3&Prime; custom_padding_tablet=\u00a0\u00bb50px|0|50px|0&Prime; custom_padding_last_edited=\u00a0\u00bbon|desktop\u00a0\u00bb][et_pb_row make_fullwidth=\u00a0\u00bboff\u00a0\u00bb use_custom_width=\u00a0\u00bboff\u00a0\u00bb width_unit=\u00a0\u00bbon\u00a0\u00bb use_custom_gutter=\u00a0\u00bboff\u00a0\u00bb gutter_width=\u00a0\u00bb3&Prime; custom_padding=\u00a0\u00bb0px|0px|0px|0px\u00a0\u00bb padding_mobile=\u00a0\u00bboff\u00a0\u00bb allow_player_pause=\u00a0\u00bboff\u00a0\u00bb parallax=\u00a0\u00bboff\u00a0\u00bb parallax_method=\u00a0\u00bboff\u00a0\u00bb make_equal=\u00a0\u00bboff\u00a0\u00bb parallax_1=\u00a0\u00bboff\u00a0\u00bb parallax_method_1=\u00a0\u00bboff\u00a0\u00bb column_padding_mobile=\u00a0\u00bbon\u00a0\u00bb background_position=\u00a0\u00bbtop_left\u00a0\u00bb background_repeat=\u00a0\u00bbrepeat\u00a0\u00bb background_size=\u00a0\u00bbinitial\u00a0\u00bb][et_pb_column type=\u00a0\u00bb4_4&Prime;][et_pb_code admin_label=\u00a0\u00bbSpazio\u00a0\u00bb]&lt;div class=&quot;espace&quot;&gt;&lt;\/div&gt;[\/et_pb_code][\/et_pb_column][\/et_pb_row][et_pb_row make_fullwidth=\u00a0\u00bboff\u00a0\u00bb use_custom_width=\u00a0\u00bboff\u00a0\u00bb width_unit=\u00a0\u00bbon\u00a0\u00bb use_custom_gutter=\u00a0\u00bboff\u00a0\u00bb custom_padding=\u00a0\u00bb0px|0px\u00a0\u00bb padding_mobile=\u00a0\u00bboff\u00a0\u00bb allow_player_pause=\u00a0\u00bboff\u00a0\u00bb parallax=\u00a0\u00bboff\u00a0\u00bb parallax_method=\u00a0\u00bboff\u00a0\u00bb make_equal=\u00a0\u00bboff\u00a0\u00bb column_padding_mobile=\u00a0\u00bbon\u00a0\u00bb background_position=\u00a0\u00bbtop_left\u00a0\u00bb background_repeat=\u00a0\u00bbrepeat\u00a0\u00bb background_size=\u00a0\u00bbinitial\u00a0\u00bb][et_pb_column type=\u00a0\u00bb4_4&Prime;][et_pb_text admin_label=\u00a0\u00bbTitolo %22Booking Online%22&Prime; background_layout=\u00a0\u00bblight\u00a0\u00bb text_orientation=\u00a0\u00bbcenter\u00a0\u00bb text_font=\u00a0\u00bbJudson||||\u00a0\u00bb use_border_color=\u00a0\u00bboff\u00a0\u00bb border_color=\u00a0\u00bb#ffffff\u00a0\u00bb border_style=\u00a0\u00bbsolid\u00a0\u00bb custom_margin=\u00a0\u00bb||0px|\u00a0\u00bb custom_padding=\u00a0\u00bb||0px|\u00a0\u00bb background_position=\u00a0\u00bbtop_left\u00a0\u00bb background_repeat=\u00a0\u00bbrepeat\u00a0\u00bb background_size=\u00a0\u00bbinitial\u00a0\u00bb module_alignment=\u00a0\u00bbcenter\u00a0\u00bb]<\/p>\n<h1 class=\"titolis\">R\u00c9SERVATION EN LIGNE<\/h1>\n<p>[\/et_pb_text][et_pb_text admin_label=\u00a0\u00bbBest Price\u00a0\u00bb background_layout=\u00a0\u00bblight\u00a0\u00bb text_orientation=\u00a0\u00bbcenter\u00a0\u00bb text_font=\u00a0\u00bbSatisfy||||\u00a0\u00bb text_font_size=\u00a0\u00bb30&Prime; text_text_color=\u00a0\u00bb#5caf36&Prime; use_border_color=\u00a0\u00bboff\u00a0\u00bb border_color=\u00a0\u00bb#ffffff\u00a0\u00bb border_style=\u00a0\u00bbsolid\u00a0\u00bb custom_margin=\u00a0\u00bb0px|0px|30px|0px\u00a0\u00bb custom_padding=\u00a0\u00bb0px|0px|0px|0px\u00a0\u00bb background_position=\u00a0\u00bbtop_left\u00a0\u00bb background_repeat=\u00a0\u00bbrepeat\u00a0\u00bb background_size=\u00a0\u00bbinitial\u00a0\u00bb module_alignment=\u00a0\u00bbcenter\u00a0\u00bb]<\/p>\n<p>Best Price<\/p>\n<p>[\/et_pb_text][\/et_pb_column][\/et_pb_row][et_pb_row make_fullwidth=\u00a0\u00bboff\u00a0\u00bb use_custom_width=\u00a0\u00bboff\u00a0\u00bb width_unit=\u00a0\u00bbon\u00a0\u00bb use_custom_gutter=\u00a0\u00bboff\u00a0\u00bb padding_mobile=\u00a0\u00bboff\u00a0\u00bb background_color=\u00a0\u00bb#ffffff\u00a0\u00bb allow_player_pause=\u00a0\u00bboff\u00a0\u00bb parallax=\u00a0\u00bboff\u00a0\u00bb parallax_method=\u00a0\u00bboff\u00a0\u00bb make_equal=\u00a0\u00bboff\u00a0\u00bb column_padding_mobile=\u00a0\u00bbon\u00a0\u00bb gutter_width=\u00a0\u00bb3&Prime; custom_padding=\u00a0\u00bb0px|0px|0px|0px\u00a0\u00bb parallax_1=\u00a0\u00bboff\u00a0\u00bb parallax_method_1=\u00a0\u00bboff\u00a0\u00bb background_position=\u00a0\u00bbtop_left\u00a0\u00bb background_repeat=\u00a0\u00bbrepeat\u00a0\u00bb background_size=\u00a0\u00bbinitial\u00a0\u00bb][et_pb_column type=\u00a0\u00bb4_4&Prime;][et_pb_text admin_label=\u00a0\u00bbTesto %22Booking online%22&Prime; background_layout=\u00a0\u00bblight\u00a0\u00bb text_orientation=\u00a0\u00bbcenter\u00a0\u00bb use_border_color=\u00a0\u00bboff\u00a0\u00bb border_color=\u00a0\u00bb#ffffff\u00a0\u00bb border_style=\u00a0\u00bbsolid\u00a0\u00bb text_font=\u00a0\u00bbJudson||||\u00a0\u00bb text_font_size=\u00a0\u00bb18&Prime; text_line_height=\u00a0\u00bb1.8em\u00a0\u00bb module_class=\u00a0\u00bbtextprinc\u00a0\u00bb background_position=\u00a0\u00bbtop_left\u00a0\u00bb background_repeat=\u00a0\u00bbrepeat\u00a0\u00bb background_size=\u00a0\u00bbinitial\u00a0\u00bb module_alignment=\u00a0\u00bbcenter\u00a0\u00bb]<\/p>\n<p class=\"testis\">Trouvez en ligne aucune offre appropri\u00e9e? Contactez-nous pour plus d&rsquo;informations <a href=\"\/fr\/minihotel-appartements-lacona\/\">ICI<\/a><br \/>Certaines chambres qui ne sont pas encore charg\u00e9es sur le syst\u00e8me de r\u00e9servation en ligne pourraient \u00eatre disponibles!<\/p>\n<p class=\"testis\" style=\"color:#5CAF36;\">Meilleur Tarif Garanti \u2022 Pas de frais de r\u00e9servation \u2022 Avantages et offres exclusives<\/p>\n<p>[\/et_pb_text][et_pb_code custom_css_main_element=\u00a0\u00bbtext-align:center;\u00a0\u00bb _builder_version=\u00a0\u00bb3.0.94&Prime;]&lt;script type=&quot;text\/javascript&quot; src=&quot;https:\/\/www.simplebooking.it\/search-box-script.axd?IDA=3563&quot;&gt;&lt;\/script&gt;&lt;script type=&quot;text\/javascript&quot;&gt;var SBParameters = {CodLang: &#x27;FR&#x27;,Labels: {NumRooms : { &#x27;EN&#x27;:&#x27;Accom.&#x27;,&#x27;IT&#x27;:&#x27;Alloggio:&#x27;,&#x27;DE&#x27;:&#x27;Unterk.:&#x27;,&#x27;FR&#x27;:&#x27;H\u00e9berg.&#x27;}}};&lt;\/script&gt;&lt;div id=&quot;simplebooking-container&quot; class=&quot;clearfrix kidsage-main-container&quot;&gt;&lt;div id=&quot;kidsage-container&quot;&gt;&lt;div id=&quot;kids-age&quot; class=&quot;booking-form-container mono&quot;&gt;&lt;form id=&quot;frm&quot; name=&quot;frm&quot; class=&quot;sb-search-form&quot; onsubmit=&quot;return false&quot; action=&quot;&quot; method=&quot;post&quot;&gt;&lt;div class=&quot;first col-3&quot; style=&quot;&quot;&gt;&lt;label id=&quot;label-property&quot;&gt;Hotel: &lt;\/label&gt;&lt;select id=&quot;ddlPropertySelection&quot; name=&quot;ddlPropertySelection&quot; onchange=&quot;window.sbSearch.Parameters.HotelId=this.value;&quot; style=&quot;width:100%; margin-top: 3px;&quot; &gt;&lt;option value=&quot;3563&quot;&gt;Mini Hotel&lt;\/option&gt;&lt;option value=&quot;2794&quot;&gt;Hotel Montemerlo&lt;\/option&gt;&lt;\/select&gt;&lt;\/div&gt;&lt;div class=&quot;arrival-departure col-3&quot;&gt;&lt;label id=&quot;label-checkin&quot;&gt;Data Arrivo: &lt;\/label&gt;&lt;input type=&quot;text&quot; name=&quot;txtArrivalDate&quot; id=&quot;txtArrivalDate&quot; onclick=&quot;fPopCalendar(&#x27;hdnDataArrivo&#x27;);&quot; readonly \/&gt;&lt;input type=&quot;hidden&quot; name=&quot;hdnDataArrivo&quot; id=&quot;hdnDataArrivo&quot; \/&gt;&lt;a id=&quot;Calendario0&quot; href=&quot;javascript:void(0);&quot; onclick=&quot;fPopCalendar(&#x27;hdnDataArrivo&#x27;);&quot;&gt;&lt;img height=&quot;16&quot; alt=&quot;&quot; src=&quot;https:\/\/www.simplebooking.it\/scripts\/box_layouts\/ico_calendario.gif&quot; width=&quot;16&quot; border=&quot;0&quot; \/&gt;&lt;\/a&gt;&lt;\/div&gt;&lt;div class=&quot;arrival-departure col-3&quot;&gt;&lt;label id=&quot;label-checkout&quot;&gt;Data Partenza: &lt;\/label&gt;&lt;input type=&quot;text&quot; name=&quot;txtDepartureDate&quot; id=&quot;txtDepartureDate&quot; onclick=&quot;fPopCalendar(&#x27;hdnDataPartenza&#x27;);&quot; readonly \/&gt;&lt;input type=&quot;hidden&quot; name=&quot;hdnDataPartenza&quot; id=&quot;hdnDataPartenza&quot; \/&gt;&lt;a id=&quot;Calendario1&quot; href=&quot;javascript:void(0);&quot; onclick=&quot;fPopCalendar(&#x27;hdnDataPartenza&#x27;);&quot;&gt;&lt;img height=&quot;16&quot; alt=&quot;&quot; src=&quot;https:\/\/www.simplebooking.it\/scripts\/box_layouts\/ico_calendario.gif&quot; width=&quot;16&quot; border=&quot;0&quot;&gt;&lt;\/a&gt;&lt;\/div&gt;&lt;div class=&quot;persons-rooms col-1&quot;&gt;&lt;label id=&quot;label-numrooms&quot;&gt;Camere: &lt;\/label&gt;&lt;select id=&quot;ddlCamere&quot; name=&quot;ddlCamere&quot;&gt;&lt;option value=&quot;&quot;&gt;&lt;\/option&gt;&lt;\/select&gt;&lt;\/div&gt;&lt;br \/&gt;&lt;div id=&quot;dvCam1&quot; class=&quot;rooms-adults-kids col-3&quot;&gt;&lt;div class=&quot;adults col-1&quot;&gt;&lt;label id=&quot;label-numadults1&quot;&gt;Adulti: &lt;\/label&gt;&lt;select id=&quot;Cam1Adulti&quot; name=&quot;Cam1Adulti&quot;&gt;&lt;option value=&quot;&quot;&gt;&lt;\/option&gt;&lt;\/select&gt;&lt;\/div&gt;&lt;div class=&quot;kids-age col-2&quot;&gt;&lt;div class=&quot;kids col-1&quot;&gt;&lt;label id=&quot;label-numkids1&quot;&gt;Bambini: &lt;\/label&gt;&lt;select id=&quot;Cam1Bambini&quot; name=&quot;Cam1Bambini&quot;&gt;&lt;option value=&quot;&quot;&gt;&lt;\/option&gt;&lt;\/select&gt;&lt;\/div&gt;&lt;div id=&quot;dvEta11&quot; class=&quot;age col-1&quot;&gt;&lt;label id=&quot;label-kidage1&quot;&gt;Et\u00e0:&lt;\/label&gt;&lt;select id=&quot;Cam1Fascia1&quot; name=&quot;Cam1Fascia1&quot;&gt;&lt;option value=&quot;&quot;&gt;&lt;\/option&gt;&lt;\/select&gt;&lt;\/div&gt;&lt;div id=&quot;dvEta12&quot; class=&quot;age clear col-1&quot;&gt;&lt;select id=&quot;Cam1Fascia2&quot; name=&quot;Cam1Fascia2&quot;&gt;&lt;option value=&quot;&quot;&gt;&lt;\/option&gt;&lt;\/select&gt;&lt;\/div&gt;&lt;div id=&quot;dvEta13&quot; class=&quot;age clear col-1&quot;&gt;&lt;select id=&quot;Cam1Fascia3&quot; name=&quot;Cam1Fascia3&quot;&gt;&lt;option value=&quot;&quot;&gt;&lt;\/option&gt;&lt;\/select&gt;&lt;\/div&gt;&lt;div id=&quot;dvEta14&quot; class=&quot;age clear col-1&quot;&gt;&lt;select id=&quot;Cam1Fascia4&quot; name=&quot;Cam1Fascia4&quot;&gt;&lt;option value=&quot;&quot;&gt;&lt;\/option&gt;&lt;\/select&gt;&lt;\/div&gt;&lt;\/div&gt;&lt;\/div&gt;&lt;div id=&quot;dvCam2&quot; class=&quot;rooms-adults-kids col-3&quot;&gt;&lt;div id=&quot;label-roomallocation2&quot; class=&quot;occupazione-camera col-3&quot;&gt;Ospiti camera #2&lt;\/div&gt;&lt;div class=&quot;adults col-1&quot;&gt;&lt;label id=&quot;label-numadults2&quot;&gt;Adulti: &lt;\/label&gt;&lt;select id=&quot;Cam2Adulti&quot; name=&quot;Cam2Adulti&quot;&gt;&lt;option value=&quot;&quot;&gt;&lt;\/option&gt;&lt;\/select&gt;&lt;\/div&gt;&lt;div class=&quot;kids-age col-2&quot;&gt;&lt;div class=&quot;kids col-1&quot;&gt;&lt;label id=&quot;label-numkids2&quot;&gt;Bambini: &lt;\/label&gt;&lt;select id=&quot;Cam2Bambini&quot; name=&quot;Cam2Bambini&quot;&gt;&lt;option value=&quot;&quot;&gt;&lt;\/option&gt;&lt;\/select&gt;&lt;\/div&gt;&lt;div id=&quot;dvEta21&quot; class=&quot;age col-1&quot;&gt;&lt;label id=&quot;label-kidage2&quot;&gt;Et\u00e0:&lt;\/label&gt;&lt;select id=&quot;Cam2Fascia1&quot; name=&quot;Cam2Fascia1&quot;&gt;&lt;option value=&quot;&quot;&gt;&lt;\/option&gt;&lt;\/select&gt;&lt;\/div&gt;&lt;div id=&quot;dvEta22&quot; class=&quot;age clear col-1&quot;&gt;&lt;select id=&quot;Cam2Fascia2&quot; name=&quot;Cam2Fascia2&quot;&gt;&lt;option value=&quot;&quot;&gt;&lt;\/option&gt;&lt;\/select&gt;&lt;\/div&gt;&lt;div id=&quot;dvEta23&quot; class=&quot;age clear col-1&quot;&gt;&lt;select id=&quot;Cam2Fascia3&quot; name=&quot;Cam2Fascia3&quot;&gt;&lt;option value=&quot;&quot;&gt;&lt;\/option&gt;&lt;\/select&gt;&lt;\/div&gt;&lt;div id=&quot;dvEta24&quot; class=&quot;age clear col-1&quot;&gt;&lt;select id=&quot;Cam2Fascia4&quot; name=&quot;Cam2Fascia4&quot;&gt;&lt;option value=&quot;&quot;&gt;&lt;\/option&gt;&lt;\/select&gt;&lt;\/div&gt;&lt;\/div&gt;&lt;\/div&gt;&lt;div id=&quot;dvCam3&quot; class=&quot;rooms-adults-kids col-3&quot;&gt;&lt;div id=&quot;label-roomallocation3&quot; class=&quot;occupazione-camera&quot; style=&quot;float: none;&quot;&gt;Ospiti camera #3&lt;\/div&gt;&lt;div class=&quot;adults col-1&quot;&gt;&lt;label id=&quot;label-numadults3&quot;&gt;Adulti: &lt;\/label&gt;&lt;select id=&quot;Cam3Adulti&quot; name=&quot;Cam3Adulti&quot;&gt;&lt;option value=&quot;&quot;&gt;&lt;\/option&gt;&lt;\/select&gt;&lt;\/div&gt;&lt;div class=&quot;kids-age col-2&quot;&gt;&lt;div class=&quot;kids col-1&quot;&gt;&lt;label id=&quot;label-numkids3&quot;&gt;Bambini: &lt;\/label&gt;&lt;select id=&quot;Cam3Bambini&quot; name=&quot;Cam3Bambini&quot;&gt;&lt;option value=&quot;&quot;&gt;&lt;\/option&gt;&lt;\/select&gt;&lt;\/div&gt;&lt;div id=&quot;dvEta31&quot; class=&quot;age col-1&quot;&gt;&lt;label id=&quot;label-kidage3&quot;&gt;Et\u00e0:&lt;\/label&gt;&lt;select id=&quot;Cam3Fascia1&quot; name=&quot;Cam3Fascia1&quot;&gt;&lt;option value=&quot;&quot;&gt;&lt;\/option&gt;&lt;\/select&gt;&lt;\/div&gt;&lt;div id=&quot;dvEta32&quot; class=&quot;age clear col-1&quot;&gt;&lt;select id=&quot;Cam3Fascia2&quot; name=&quot;Cam3Fascia2&quot;&gt;&lt;option value=&quot;&quot;&gt;&lt;\/option&gt;&lt;\/select&gt;&lt;\/div&gt;&lt;div id=&quot;dvEta33&quot; class=&quot;age clear col-1&quot;&gt;&lt;select id=&quot;Cam3Fascia3&quot; name=&quot;Cam3Fascia3&quot;&gt;&lt;option value=&quot;&quot;&gt;&lt;\/option&gt;&lt;\/select&gt;&lt;\/div&gt;&lt;div id=&quot;dvEta34&quot; class=&quot;age clear col-1&quot;&gt;&lt;select id=&quot;Cam3Fascia4&quot; name=&quot;Cam3Fascia4&quot;&gt;&lt;option value=&quot;&quot;&gt;&lt;\/option&gt;&lt;\/select&gt;&lt;\/div&gt;&lt;\/div&gt;&lt;\/div&gt;&lt;div id=&quot;dvCam4&quot; class=&quot;rooms-adults-kids col-3&quot;&gt;&lt;div id=&quot;label-roomallocation4&quot; class=&quot;occupazione-camera&quot; style=&quot;float: none;&quot;&gt;Ospiti camera #4&lt;\/div&gt;&lt;div class=&quot;adults  col-1&quot;&gt;&lt;label id=&quot;label-numadults4&quot;&gt;Adulti: &lt;\/label&gt;&lt;select id=&quot;Cam4Adulti&quot; name=&quot;Cam4Adulti&quot;&gt;&lt;option value=&quot;&quot;&gt;&lt;\/option&gt;&lt;\/select&gt;&lt;\/div&gt;&lt;div class=&quot;kids-age col-2&quot;&gt;&lt;div class=&quot;kids col-1&quot;&gt;&lt;label id=&quot;label-numkids4&quot;&gt;Bambini: &lt;\/label&gt;&lt;select id=&quot;Cam4Bambini&quot; name=&quot;Cam4Bambini&quot;&gt;&lt;option value=&quot;&quot;&gt;&lt;\/option&gt;&lt;\/select&gt;&lt;\/div&gt;&lt;div id=&quot;dvEta41&quot; class=&quot;age col-1&quot;&gt;&lt;label id=&quot;label-kidage4&quot;&gt;Et\u00e0:&lt;\/label&gt;&lt;select id=&quot;Cam4Fascia1&quot; name=&quot;Cam4Fascia1&quot;&gt;&lt;option value=&quot;&quot;&gt;&lt;\/option&gt;&lt;\/select&gt;&lt;\/div&gt;&lt;div id=&quot;dvEta42&quot; class=&quot;age clear col-1&quot;&gt;&lt;select id=&quot;Cam4Fascia2&quot; name=&quot;Cam4Fascia2&quot;&gt;&lt;option value=&quot;&quot;&gt;&lt;\/option&gt;&lt;\/select&gt;&lt;\/div&gt;&lt;div id=&quot;dvEta43&quot; class=&quot;age clear col-1&quot;&gt;&lt;select id=&quot;Cam4Fascia3&quot; name=&quot;Cam4Fascia3&quot;&gt;&lt;option value=&quot;&quot;&gt;&lt;\/option&gt;&lt;\/select&gt;&lt;\/div&gt;&lt;div id=&quot;dvEta44&quot; class=&quot;age clear col-1&quot;&gt;&lt;select id=&quot;Cam4Fascia4&quot; name=&quot;Cam4Fascia4&quot;&gt;&lt;option value=&quot;&quot;&gt;&lt;\/option&gt;&lt;\/select&gt;&lt;\/div&gt;&lt;\/div&gt;&lt;\/div&gt;&lt;div class=&quot;promo-code col-3&quot;&gt;&lt;label id=&quot;label-promocode&quot;&gt;Codice promo:&lt;\/label&gt;&lt;input type=&quot;text&quot; id=&quot;code&quot; name=&quot;code&quot; \/&gt;&lt;\/div&gt;&lt;div class=&quot;button-search col-3&quot;&gt;&lt;input id=&quot;btnSearch&quot; name=&quot;btnSearch&quot; type=&quot;button&quot; value=&quot;Verifica Disponibilit\u00e0&quot; class=&quot;submit&quot; \/&gt;&lt;\/div&gt;&lt;\/form&gt;&lt;div class=&quot;modify col-3&quot;&gt;&lt;a id=&quot;label-modcancreservation&quot; href=&quot;javascript:OpenSimpleBooking(&#x27;&#x27;,&#x27;DELETE&#x27;);&quot;&gt;cancella \/ modifica prenotazione&lt;\/a&gt;&lt;\/div&gt;&lt;\/div&gt;&lt;div class=&quot;info clearfrix&quot;&gt;&lt;div class=&quot;col-2 ssl&quot;&gt;&lt;a href=&quot;javascript:OpenVerisignSeal();&quot;&gt;&lt;img alt=&quot;Protected by Verisgn&quot; src=&quot;https:\/\/www.welcometoelba.com\/simple-booking\/logo-verisign.png&quot; width=&quot;50&quot; height=&quot;21&quot;&gt;&lt;\/a&gt;&lt;span id=&quot;label-info-ssl&quot;&gt; Informazioni protette con certificato SSL 128 bit&lt;\/span&gt;&lt;\/div&gt;&lt;div class=&quot;simplebooking-link col-2&quot;&gt;&lt;a title=&quot;Hotel booking service by Simple Booking&quot; href=&quot;https:\/\/www.simplebooking.it&quot; target=&quot;_blank&quot; &gt;booking engine by &lt;img align=&quot;absmiddle&quot; src=&quot;https:\/\/www.welcometoelba.com\/simple-booking\/powered-sb.png&quot; border=&quot;0&quot; width=&quot;63&quot; height=&quot;15&quot; alt=&quot;Prenotazioni on line Hotel&quot;&gt;&lt;\/a&gt;&lt;\/div&gt;&lt;\/div&gt;&lt;\/div&gt;&lt;\/div&gt;[\/et_pb_code][et_pb_code admin_label=\u00a0\u00bbSpazio\u00a0\u00bb]&lt;div class=&quot;espace&quot;&gt;&lt;\/div&gt;&lt;br \/&gt;&lt;!&#8211; [et_pb_line_break_holder] &#8211;&gt;&lt;div class=&quot;espace&quot;&gt;&lt;\/div&gt;[\/et_pb_code][\/et_pb_column][\/et_pb_row][et_pb_row make_fullwidth=\u00a0\u00bboff\u00a0\u00bb use_custom_width=\u00a0\u00bboff\u00a0\u00bb width_unit=\u00a0\u00bbon\u00a0\u00bb use_custom_gutter=\u00a0\u00bboff\u00a0\u00bb gutter_width=\u00a0\u00bb3&Prime; custom_padding=\u00a0\u00bb0px|0px|0px|0px\u00a0\u00bb padding_mobile=\u00a0\u00bboff\u00a0\u00bb allow_player_pause=\u00a0\u00bboff\u00a0\u00bb parallax=\u00a0\u00bboff\u00a0\u00bb parallax_method=\u00a0\u00bboff\u00a0\u00bb make_equal=\u00a0\u00bboff\u00a0\u00bb parallax_1=\u00a0\u00bboff\u00a0\u00bb parallax_method_1=\u00a0\u00bboff\u00a0\u00bb column_padding_mobile=\u00a0\u00bbon\u00a0\u00bb background_position=\u00a0\u00bbtop_left\u00a0\u00bb background_repeat=\u00a0\u00bbrepeat\u00a0\u00bb background_size=\u00a0\u00bbinitial\u00a0\u00bb][et_pb_column type=\u00a0\u00bb4_4&Prime;][et_pb_code admin_label=\u00a0\u00bbSpazio\u00a0\u00bb]&lt;div class=&quot;espace&quot;&gt;&lt;\/div&gt;[\/et_pb_code][\/et_pb_column][\/et_pb_row][\/et_pb_section]<\/p>\n","protected":false},"excerpt":{"rendered":"<p>HOME&nbsp;&nbsp;&gt;&nbsp;&nbsp;RTA MINI HOTEL&nbsp;&nbsp;&gt;&nbsp;&nbsp;R\u00c9SERVATION EN LIGNE R\u00c9SERVATION EN LIGNE Best Price Trouvez en ligne aucune offre appropri\u00e9e? Contactez-nous pour plus d&rsquo;informations ICICertaines chambres qui ne sont pas encore charg\u00e9es sur le syst\u00e8me de r\u00e9servation en ligne pourraient \u00eatre disponibles! Meilleur Tarif Garanti \u2022 Pas de frais de r\u00e9servation \u2022 Avantages et offres exclusives &lt;div class=&quot;espace&quot;&gt;&lt;\/div&gt;&lt;br \/&gt;&lt;!&#8211; [&hellip;]<\/p>\n","protected":false},"author":2,"featured_media":0,"parent":0,"menu_order":0,"comment_status":"closed","ping_status":"closed","template":"","meta":{"_et_pb_use_builder":"on","_et_pb_old_content":"","_et_gb_content_width":"","_joinchat":[],"footnotes":""},"class_list":["post-6973","page","type-page","status-publish","hentry"],"_links":{"self":[{"href":"https:\/\/www.welcometoelba.com\/fr\/wp-json\/wp\/v2\/pages\/6973","targetHints":{"allow":["GET"]}}],"collection":[{"href":"https:\/\/www.welcometoelba.com\/fr\/wp-json\/wp\/v2\/pages"}],"about":[{"href":"https:\/\/www.welcometoelba.com\/fr\/wp-json\/wp\/v2\/types\/page"}],"author":[{"embeddable":true,"href":"https:\/\/www.welcometoelba.com\/fr\/wp-json\/wp\/v2\/users\/2"}],"replies":[{"embeddable":true,"href":"https:\/\/www.welcometoelba.com\/fr\/wp-json\/wp\/v2\/comments?post=6973"}],"version-history":[{"count":4,"href":"https:\/\/www.welcometoelba.com\/fr\/wp-json\/wp\/v2\/pages\/6973\/revisions"}],"predecessor-version":[{"id":7883,"href":"https:\/\/www.welcometoelba.com\/fr\/wp-json\/wp\/v2\/pages\/6973\/revisions\/7883"}],"wp:attachment":[{"href":"https:\/\/www.welcometoelba.com\/fr\/wp-json\/wp\/v2\/media?parent=6973"}],"curies":[{"name":"wp","href":"https:\/\/api.w.org\/{rel}","templated":true}]}}