{"id":5107,"date":"2016-03-18T15:40:15","date_gmt":"2016-03-18T14:40:15","guid":{"rendered":"http:\/\/www.welcometoelba.com\/de\/bikehotel-und-sport\/greenweeks\/"},"modified":"2018-01-08T17:03:30","modified_gmt":"2018-01-08T16:03:30","slug":"greenweekscalendar","status":"publish","type":"page","link":"https:\/\/www.welcometoelba.com\/de\/bikehotel-e-sport\/greenweekscalendar\/","title":{"rendered":"Green weeks calendar 2016"},"content":{"rendered":"<p>[et_pb_section bb_built=&#8220;1&#8243; fullwidth=&#8220;on&#8220; specialty=&#8220;off&#8220; transparent_background=&#8220;off&#8220; allow_player_pause=&#8220;off&#8220; inner_shadow=&#8220;off&#8220; parallax=&#8220;off&#8220; parallax_method=&#8220;off&#8220; padding_mobile=&#8220;off&#8220; make_fullwidth=&#8220;off&#8220; use_custom_width=&#8220;off&#8220; width_unit=&#8220;on&#8220; make_equal=&#8220;off&#8220; use_custom_gutter=&#8220;off&#8220; custom_padding_tablet=&#8220;50px|0|50px|0&#8243; custom_padding_last_edited=&#8220;on|desktop&#8220;][et_pb_fullwidth_image admin_label=&#8220;Header&#8220; show_in_lightbox=&#8220;off&#8220; url_new_window=&#8220;off&#8220; use_border_color=&#8220;off&#8220; src=&#8220;https:\/\/www.welcometoelba.com\/wp-content\/uploads\/header_natura.jpg&#8220; alt=&#8220;Natura Isola d&#8217;Elba&#8220; animation_style=&#8220;fade&#8220; animation_duration=&#8220;500ms&#8220; animation_intensity_slide=&#8220;10%&#8220; _builder_version=&#8220;3.0.93&#8243; use_overlay=&#8220;off&#8220; \/][\/et_pb_section][et_pb_section bb_built=&#8220;1&#8243; fullwidth=&#8220;off&#8220; specialty=&#8220;off&#8220; transparent_background=&#8220;off&#8220; background_color=&#8220;#efeae4&#8243; allow_player_pause=&#8220;off&#8220; inner_shadow=&#8220;off&#8220; parallax=&#8220;off&#8220; parallax_method=&#8220;off&#8220; custom_padding=&#8220;0px||0px|&#8220; padding_mobile=&#8220;off&#8220; make_fullwidth=&#8220;off&#8220; use_custom_width=&#8220;off&#8220; width_unit=&#8220;on&#8220; make_equal=&#8220;off&#8220; use_custom_gutter=&#8220;off&#8220; custom_padding_tablet=&#8220;50px|0|50px|0&#8243; custom_padding_last_edited=&#8220;on|desktop&#8220;][et_pb_row make_fullwidth=&#8220;off&#8220; use_custom_width=&#8220;off&#8220; width_unit=&#8220;on&#8220; use_custom_gutter=&#8220;off&#8220; custom_padding=&#8220;20px||20px|&#8220; padding_mobile=&#8220;on&#8220; allow_player_pause=&#8220;off&#8220; parallax=&#8220;off&#8220; parallax_method=&#8220;off&#8220; make_equal=&#8220;off&#8220; parallax_1=&#8220;off&#8220; parallax_method_1=&#8220;off&#8220; column_padding_mobile=&#8220;on&#8220; background_position=&#8220;top_left&#8220; background_repeat=&#8220;repeat&#8220; background_size=&#8220;initial&#8220;][et_pb_column type=&#8220;4_4&#8243;][et_pb_button admin_label=&#8220;Pulsante Booking&#8220; button_url=&#8220;http:\/\/www.welcometoelba.com\/de\/buchen\/buchen-online\/&#8220; url_new_window=&#8220;off&#8220; button_text=&#8220;JETZT BUCHEN&#8220; button_alignment=&#8220;center&#8220; background_layout=&#8220;dark&#8220; custom_button=&#8220;off&#8220; button_letter_spacing=&#8220;0&#8243; button_use_icon=&#8220;default&#8220; button_icon_placement=&#8220;right&#8220; button_on_hover=&#8220;on&#8220; button_letter_spacing_hover=&#8220;0&#8243; module_class=&#8220;btngreen&#8220; \/][\/et_pb_column][\/et_pb_row][\/et_pb_section][et_pb_section bb_built=&#8220;1&#8243; admin_label=&#8220;section&#8220;][et_pb_row admin_label=&#8220;row&#8220; background_position=&#8220;top_left&#8220; background_repeat=&#8220;repeat&#8220; background_size=&#8220;initial&#8220;][et_pb_column type=&#8220;4_4&#8243;][et_pb_text admin_label=&#8220;Titolo %22Green Weeks%22&#8243; background_layout=&#8220;light&#8220; text_orientation=&#8220;center&#8220; text_font=&#8220;Judson||||&#8220; use_border_color=&#8220;off&#8220; border_color=&#8220;#ffffff&#8220; border_style=&#8220;solid&#8220; background_position=&#8220;top_left&#8220; background_repeat=&#8220;repeat&#8220; background_size=&#8220;initial&#8220; module_alignment=&#8220;center&#8220;]<\/p>\n<h1 class=\"titolis\" style=\"text-align: center;\">Die Gr\u00fcne Wochen<\/h1>\n<p>[\/et_pb_text][et_pb_text background_layout=&#8220;light&#8220; text_orientation=&#8220;center&#8220; use_border_color=&#8220;off&#8220; border_color=&#8220;#ffffff&#8220; border_style=&#8220;solid&#8220; background_position=&#8220;top_left&#8220; background_repeat=&#8220;repeat&#8220; background_size=&#8220;initial&#8220; module_alignment=&#8220;center&#8220;]<\/p>\n<div style=\"text-align: center;\">Naturalistischen Gratis-Ausfl\u00fcgen die durch professionelle Begleiter ausgef\u00fchrt\u00a0werden. Es ist ratsam, die Ausfl\u00fcge ein\u00a0paar\u00a0Tage vor Ihrer Ankunft anzumelden.<\/div>\n<p>[\/et_pb_text][et_pb_text background_layout=&#8220;light&#8220; use_border_color=&#8220;off&#8220; background_position=&#8220;top_left&#8220; background_repeat=&#8220;repeat&#8220; background_size=&#8220;initial&#8220; _builder_version=&#8220;3.0.93&#8243;]<\/p>\n<p><a href=\"https:\/\/www.welcometoelba.com\/wp-content\/uploads\/stagione-piu-lunga-2016-pelagos.jpg\"><img loading=\"lazy\" decoding=\"async\" class=\"aligncenter size-medium wp-image-5096\" src=\"https:\/\/www.welcometoelba.com\/wp-content\/uploads\/stagione-piu-lunga-2016-pelagos-212x300.jpg\" alt=\"stagione piu' lunga 2016 pelagos\" width=\"212\" height=\"300\" srcset=\"https:\/\/www.welcometoelba.com\/wp-content\/uploads\/stagione-piu-lunga-2016-pelagos-212x300.jpg 212w, https:\/\/www.welcometoelba.com\/wp-content\/uploads\/stagione-piu-lunga-2016-pelagos-768x1086.jpg 768w, https:\/\/www.welcometoelba.com\/wp-content\/uploads\/stagione-piu-lunga-2016-pelagos-724x1024.jpg 724w, https:\/\/www.welcometoelba.com\/wp-content\/uploads\/stagione-piu-lunga-2016-pelagos-1080x1527.jpg 1080w\" sizes=\"auto, (max-width: 212px) 100vw, 212px\" \/><\/a><\/p>\n<p style=\"text-align: center;\"><a href=\"https:\/\/www.welcometoelba.com\/wp-content\/uploads\/stagione-piu-lunga-2016-pelagos-2.jpg\"><img loading=\"lazy\" decoding=\"async\" class=\"aligncenter size-medium wp-image-5097\" src=\"https:\/\/www.welcometoelba.com\/wp-content\/uploads\/stagione-piu-lunga-2016-pelagos-2-212x300.jpg\" alt=\"stagione piu' lunga 2016 pelagos-2\" width=\"212\" height=\"300\" srcset=\"https:\/\/www.welcometoelba.com\/wp-content\/uploads\/stagione-piu-lunga-2016-pelagos-2-212x300.jpg 212w, https:\/\/www.welcometoelba.com\/wp-content\/uploads\/stagione-piu-lunga-2016-pelagos-2-768x1086.jpg 768w, https:\/\/www.welcometoelba.com\/wp-content\/uploads\/stagione-piu-lunga-2016-pelagos-2-724x1024.jpg 724w, https:\/\/www.welcometoelba.com\/wp-content\/uploads\/stagione-piu-lunga-2016-pelagos-2-1080x1527.jpg 1080w\" sizes=\"auto, (max-width: 212px) 100vw, 212px\" \/><\/a><\/p>\n<p>[\/et_pb_text][\/et_pb_column][\/et_pb_row][\/et_pb_section]<\/p>\n","protected":false},"excerpt":{"rendered":"<p>Die Gr\u00fcne Wochen Naturalistischen Gratis-Ausfl\u00fcgen die durch professionelle Begleiter ausgef\u00fchrt\u00a0werden. Es ist ratsam, die Ausfl\u00fcge ein\u00a0paar\u00a0Tage vor Ihrer Ankunft anzumelden.<\/p>\n","protected":false},"author":1,"featured_media":0,"parent":2017,"menu_order":0,"comment_status":"closed","ping_status":"closed","template":"","meta":{"_et_pb_use_builder":"on","_et_pb_old_content":"<p><img class=\"aligncenter size-medium wp-image-5096\" src=\"http:\/\/www.welcometoelba.com\/wp-content\/uploads\/stagione-piu-lunga-2016-pelagos-212x300.jpg\" alt=\"stagione piu' lunga 2016 pelagos\" width=\"212\" height=\"300\" \/><\/p><p>\u00a0<\/p><p style=\"text-align: center;\"><img class=\"aligncenter size-medium wp-image-5097\" src=\"http:\/\/www.welcometoelba.com\/wp-content\/uploads\/stagione-piu-lunga-2016-pelagos-2-212x300.jpg\" alt=\"stagione piu' lunga 2016 pelagos-2\" width=\"212\" height=\"300\" \/><\/p>","_et_gb_content_width":"","_joinchat":[],"footnotes":""},"class_list":["post-5107","page","type-page","status-publish","hentry"],"_links":{"self":[{"href":"https:\/\/www.welcometoelba.com\/de\/wp-json\/wp\/v2\/pages\/5107","targetHints":{"allow":["GET"]}}],"collection":[{"href":"https:\/\/www.welcometoelba.com\/de\/wp-json\/wp\/v2\/pages"}],"about":[{"href":"https:\/\/www.welcometoelba.com\/de\/wp-json\/wp\/v2\/types\/page"}],"author":[{"embeddable":true,"href":"https:\/\/www.welcometoelba.com\/de\/wp-json\/wp\/v2\/users\/1"}],"replies":[{"embeddable":true,"href":"https:\/\/www.welcometoelba.com\/de\/wp-json\/wp\/v2\/comments?post=5107"}],"version-history":[{"count":7,"href":"https:\/\/www.welcometoelba.com\/de\/wp-json\/wp\/v2\/pages\/5107\/revisions"}],"predecessor-version":[{"id":7752,"href":"https:\/\/www.welcometoelba.com\/de\/wp-json\/wp\/v2\/pages\/5107\/revisions\/7752"}],"up":[{"embeddable":true,"href":"https:\/\/www.welcometoelba.com\/de\/wp-json\/wp\/v2\/pages\/2017"}],"wp:attachment":[{"href":"https:\/\/www.welcometoelba.com\/de\/wp-json\/wp\/v2\/media?parent=5107"}],"curies":[{"name":"wp","href":"https:\/\/api.w.org\/{rel}","templated":true}]}}