{"id":3427,"date":"2016-01-09T08:27:45","date_gmt":"2016-01-09T07:27:45","guid":{"rendered":"http:\/\/www.welcometoelba.com\/de\/greenweeks\/"},"modified":"2026-03-26T16:11:45","modified_gmt":"2026-03-26T15:11:45","slug":"gruene-wochen","status":"publish","type":"page","link":"https:\/\/www.welcometoelba.com\/de\/bikehotel-e-sport\/gruene-wochen\/","title":{"rendered":"Gr\u00fcne Wochen"},"content":{"rendered":"<p>[et_pb_section fb_built=&#8220;1&#8243; fullwidth=&#8220;on&#8220; _builder_version=&#8220;4.16&#8243; global_colors_info=&#8220;{}&#8220;][et_pb_fullwidth_image src=&#8220;https:\/\/www.welcometoelba.com\/wp-content\/uploads\/header_natura.jpg&#8220; alt=&#8220;Natura Isola d&#8217;Elba&#8220; admin_label=&#8220;Header&#8220; _builder_version=&#8220;4.16&#8243; animation_style=&#8220;fade&#8220; animation_duration=&#8220;500ms&#8220; use_border_color=&#8220;off&#8220; global_colors_info=&#8220;{}&#8220;]&nbsp;<br \/>\n[\/et_pb_fullwidth_image][\/et_pb_section][et_pb_section fb_built=&#8220;1&#8243; custom_padding_last_edited=&#8220;on|desktop&#8220; _builder_version=&#8220;4.16&#8243; background_color=&#8220;#efeae4&#8243; custom_padding=&#8220;0px||0px|&#8220; custom_padding_tablet=&#8220;50px|0|50px|0&#8243; custom_padding_phone=&#8220;&#8220; transparent_background=&#8220;off&#8220; padding_mobile=&#8220;off&#8220; global_colors_info=&#8220;{}&#8220;][et_pb_row padding_mobile=&#8220;on&#8220; column_padding_mobile=&#8220;on&#8220; _builder_version=&#8220;4.16&#8243; background_size=&#8220;initial&#8220; background_position=&#8220;top_left&#8220; background_repeat=&#8220;repeat&#8220; custom_padding=&#8220;20px||20px|&#8220; global_colors_info=&#8220;{}&#8220;][et_pb_column type=&#8220;4_4&#8243; _builder_version=&#8220;4.16&#8243; custom_padding=&#8220;|||&#8220; global_colors_info=&#8220;{}&#8220; custom_padding__hover=&#8220;|||&#8220;][et_pb_button button_url=&#8220;http:\/\/www.welcometoelba.com\/de\/buchen\/buchen-online\/&#8220; button_text=&#8220;JETZT BUCHEN&#8220; button_alignment=&#8220;center&#8220; admin_label=&#8220;Pulsante Booking&#8220; module_class=&#8220;btngreen&#8220; _builder_version=&#8220;4.16&#8243; background_layout=&#8220;dark&#8220; global_colors_info=&#8220;{}&#8220; button_text_size__hover_enabled=&#8220;off&#8220; button_one_text_size__hover_enabled=&#8220;off&#8220; button_two_text_size__hover_enabled=&#8220;off&#8220; button_text_color__hover_enabled=&#8220;off&#8220; button_one_text_color__hover_enabled=&#8220;off&#8220; button_two_text_color__hover_enabled=&#8220;off&#8220; button_border_width__hover_enabled=&#8220;off&#8220; button_one_border_width__hover_enabled=&#8220;off&#8220; button_two_border_width__hover_enabled=&#8220;off&#8220; button_border_color__hover_enabled=&#8220;off&#8220; button_one_border_color__hover_enabled=&#8220;off&#8220; button_two_border_color__hover_enabled=&#8220;off&#8220; button_border_radius__hover_enabled=&#8220;off&#8220; button_one_border_radius__hover_enabled=&#8220;off&#8220; button_two_border_radius__hover_enabled=&#8220;off&#8220; button_letter_spacing__hover_enabled=&#8220;off&#8220; button_one_letter_spacing__hover_enabled=&#8220;off&#8220; button_two_letter_spacing__hover_enabled=&#8220;off&#8220; button_bg_color__hover_enabled=&#8220;off&#8220; button_one_bg_color__hover_enabled=&#8220;off&#8220; button_two_bg_color__hover_enabled=&#8220;off&#8220;]&nbsp;<br \/>\n[\/et_pb_button][\/et_pb_column][\/et_pb_row][\/et_pb_section][et_pb_section fb_built=&#8220;1&#8243; custom_padding_last_edited=&#8220;on|desktop&#8220; admin_label=&#8220;section&#8220; _builder_version=&#8220;4.16&#8243; background_color=&#8220;#f6f6f6&#8243; custom_padding=&#8220;0px|0px|0px|0px&#8220; custom_padding_tablet=&#8220;50px|0|50px|0&#8243; custom_padding_phone=&#8220;&#8220; transparent_background=&#8220;off&#8220; padding_mobile=&#8220;off&#8220; locked=&#8220;off&#8220; global_colors_info=&#8220;{}&#8220;][et_pb_row padding_mobile=&#8220;off&#8220; column_padding_mobile=&#8220;on&#8220; _builder_version=&#8220;4.16&#8243; background_size=&#8220;initial&#8220; background_position=&#8220;top_left&#8220; background_repeat=&#8220;repeat&#8220; custom_padding=&#8220;0px|0px|0px|0px&#8220; global_colors_info=&#8220;{}&#8220;][et_pb_column type=&#8220;4_4&#8243; _builder_version=&#8220;4.16&#8243; custom_padding=&#8220;|||&#8220; global_colors_info=&#8220;{}&#8220; custom_padding__hover=&#8220;|||&#8220;][et_pb_code admin_label=&#8220;Spazio&#8220; _builder_version=&#8220;4.16&#8243; global_colors_info=&#8220;{}&#8220;]<\/p>\n<div class=\"espace\">\u00a0<\/div>\n<p>[\/et_pb_code][\/et_pb_column][\/et_pb_row][et_pb_row padding_mobile=&#8220;off&#8220; column_padding_mobile=&#8220;on&#8220; _builder_version=&#8220;4.16&#8243; background_size=&#8220;initial&#8220; background_position=&#8220;top_left&#8220; background_repeat=&#8220;repeat&#8220; custom_padding=&#8220;0px|0px|0px|0px&#8220; global_colors_info=&#8220;{}&#8220;][et_pb_column type=&#8220;4_4&#8243; _builder_version=&#8220;4.16&#8243; custom_padding=&#8220;|||&#8220; global_colors_info=&#8220;{}&#8220; custom_padding__hover=&#8220;|||&#8220;][et_pb_text admin_label=&#8220;Titolo %22Settimane Verdi%22&#8243; _builder_version=&#8220;4.16&#8243; text_font=&#8220;Judson||||&#8220; text_font_size=&#8220;18&#8243; background_size=&#8220;initial&#8220; background_position=&#8220;top_left&#8220; background_repeat=&#8220;repeat&#8220; text_orientation=&#8220;center&#8220; module_alignment=&#8220;center&#8220; use_border_color=&#8220;off&#8220; border_style=&#8220;solid&#8220; global_colors_info=&#8220;{}&#8220;]<\/p>\n<h1 class=\"titolis\">DIE FERNWANDERWEGE DER INSEL ELBA<\/h1>\n<p>[\/et_pb_text][\/et_pb_column][\/et_pb_row][et_pb_row column_padding_mobile=&#8220;on&#8220; _builder_version=&#8220;4.22.2&#8243; background_size=&#8220;initial&#8220; background_position=&#8220;top_left&#8220; background_repeat=&#8220;repeat&#8220; custom_padding=&#8220;10px|10px|5px|10px|false|false&#8220; global_colors_info=&#8220;{}&#8220;][et_pb_column type=&#8220;4_4&#8243; _builder_version=&#8220;4.16&#8243; custom_padding=&#8220;|||&#8220; global_colors_info=&#8220;{}&#8220; custom_padding__hover=&#8220;|||&#8220;][et_pb_text admin_label=&#8220;Titolo %22Settimane Verdi%22&#8243; _builder_version=&#8220;4.22.2&#8243; text_font=&#8220;Judson||||&#8220; text_font_size=&#8220;18&#8243; background_color=&#8220;#f6f6f6&#8243; background_size=&#8220;initial&#8220; background_position=&#8220;top_left&#8220; background_repeat=&#8220;repeat&#8220; text_orientation=&#8220;center&#8220; module_alignment=&#8220;center&#8220; custom_padding=&#8220;15px|15px|4px|15px|false|false&#8220; use_border_color=&#8220;off&#8220; border_style=&#8220;solid&#8220; global_colors_info=&#8220;{}&#8220;]<\/p>\n<p style=\"text-align: left;\" data-start=\"232\" data-end=\"606\">Die Grande Traversata Elbana und die Via dell\u2019Essenza: zwei Wanderwege durch Natur, spektakul\u00e4re Landschaften und einzigartige Stimmungen der Insel Elba<\/p>\n<p>[\/et_pb_text][et_pb_text admin_label=&#8220;Titolo %22Settimane Verdi%22&#8243; _builder_version=&#8220;4.22.2&#8243; text_font=&#8220;Judson||||&#8220; text_font_size=&#8220;18&#8243; background_color=&#8220;#FFFFFF&#8220; background_size=&#8220;initial&#8220; background_position=&#8220;top_left&#8220; background_repeat=&#8220;repeat&#8220; text_orientation=&#8220;center&#8220; module_alignment=&#8220;center&#8220; custom_padding=&#8220;15px|15px|5px|15px|false|false&#8220; use_border_color=&#8220;off&#8220; border_style=&#8220;solid&#8220; global_colors_info=&#8220;{}&#8220;]<\/p>\n<h1 style=\"text-align: left;\"><span style=\"color: #818181;\">GTE La Grande Traversata Elbana<\/span><\/h1>\n<p data-start=\"3671\" data-end=\"4028\" style=\"text-align: left;\">Die Grande Traversata Elbana (GTE) ist ein Fernwanderweg, der die Insel Elba von Ost nach West durchquert und die Ostk\u00fcste mit der Westk\u00fcste verbindet. Die Route wird in der Regel in vier oder mehr Tagen begangen, erfahrene Wanderer k\u00f6nnen sie jedoch auch in zwei oder drei Etappen absolvieren und Tempo sowie Distanzen individuell anpassen.<\/p>\n<p data-start=\"4030\" data-end=\"4486\" style=\"text-align: left;\">Entlang der Bergk\u00e4mme der Insel verl\u00e4uft der Weg auf einer nat\u00fcrlichen Grenze zwischen zwei unterschiedlichen Landschaften: auf der einen Seite die historischen Bergbaugebiete, die vom Eisenabbau gepr\u00e4gt sind, auf der anderen Seite Regionen, die vom Granit dominiert werden. Die GTE bietet ein einzigartiges Wandererlebnis in H\u00f6henlage mit weiten, durchgehenden Ausblicken, umgeben von den Farben, D\u00fcften und saisonalen Bl\u00fcten der mediterranen Macchia.<\/p>\n<p data-start=\"4488\" data-end=\"4899\" style=\"text-align: left;\">Dieser Weg ist nicht nur eine Naturerfahrung, sondern auch eine Reise durch die Geschichte. Auf alten Pfaden wandert man durch Gebiete, die \u00fcber Jahrhunderte hinweg eine strategische Rolle im Mittelmeerraum spielten und von zahlreichen Kulturen gepr\u00e4gt wurden. Entlang der Strecke er\u00f6ffnet sich ein au\u00dfergew\u00f6hnlicher Reichtum an Biodiversit\u00e4t und Geodiversit\u00e4t, der bei jedem Schritt neue Eindr\u00fccke schenkt.<\/p>\n<p data-start=\"4901\" data-end=\"5280\" style=\"text-align: left;\">Die Hauptroute kann dank zahlreicher Varianten erweitert und angepasst werden, sodass die Wanderung individuell nach Zeit und gew\u00fcnschtem Schwierigkeitsgrad gestaltet werden kann. Im Folgenden wird eine m\u00f6gliche Einteilung in vier Etappen vorgestellt, mit Start in Cavo, \u00dcbernachtungen in Porto Azzurro und Procchio sowie dem Ziel in Pomonte oder Patresi.<\/p>\n<p data-start=\"5282\" data-end=\"5295\" style=\"text-align: left;\"><a href=\"https:\/\/www.islepark.it\/grande-traversata-elbana-gte\/gte-il-percorso\/\">DIE ROUTE<span style=\"color: #818181;\">\u00a0<\/span><\/a><\/p>\n<p style=\"text-align: left;\" data-start=\"232\" data-end=\"606\"><a href=\"https:\/\/www.islepark.it\/grande-traversata-elbana-gte\/gte-il-percorso\/\" style=\"font-size: 18px;\"><\/a><\/p>\n<p>[\/et_pb_text][\/et_pb_column][\/et_pb_row][et_pb_row column_padding_mobile=&#8220;on&#8220; module_class=&#8220;camere&#8220; _builder_version=&#8220;4.22.2&#8243; background_color=&#8220;#ffffff&#8220; background_size=&#8220;initial&#8220; background_position=&#8220;top_left&#8220; background_repeat=&#8220;repeat&#8220; custom_padding=&#8220;0px|3px|0px|3px|false|false&#8220; global_colors_info=&#8220;{}&#8220;][et_pb_column type=&#8220;4_4&#8243; _builder_version=&#8220;4.16&#8243; custom_padding=&#8220;|||&#8220; global_colors_info=&#8220;{}&#8220; custom_padding__hover=&#8220;|||&#8220;][et_pb_image src=&#8220;https:\/\/www.welcometoelba.com\/wp-content\/uploads\/gte-1-1.jpg&#8220; title_text=&#8220;gte-1&#8243; align=&#8220;center&#8220; align_tablet=&#8220;center&#8220; align_phone=&#8220;&#8220; align_last_edited=&#8220;on|desktop&#8220; _builder_version=&#8220;4.22.2&#8243; custom_padding=&#8220;|0px||0px|false|false&#8220; animation_style=&#8220;slide&#8220; animation_direction=&#8220;top&#8220; animation_duration=&#8220;500ms&#8220; animation_intensity_slide=&#8220;10%&#8220; use_border_color=&#8220;off&#8220; global_colors_info=&#8220;{}&#8220;]&nbsp;<br \/>\n[\/et_pb_image][et_pb_text admin_label=&#8220;Titolo %22Settimane Verdi%22&#8243; _builder_version=&#8220;4.22.2&#8243; text_font=&#8220;Judson||||&#8220; text_font_size=&#8220;18&#8243; background_size=&#8220;initial&#8220; background_position=&#8220;top_left&#8220; background_repeat=&#8220;repeat&#8220; text_orientation=&#8220;center&#8220; module_alignment=&#8220;center&#8220; custom_padding=&#8220;|15px|0px|15px|false|false&#8220; use_border_color=&#8220;off&#8220; border_style=&#8220;solid&#8220; global_colors_info=&#8220;{}&#8220;]<\/p>\n<h1 style=\"text-align: left;\"><span style=\"color: #818181;\">La Via dell&#8217;Essenza<\/span><\/h1>\n<p data-start=\"2300\" data-end=\"2681\" style=\"text-align: left;\">Die Via dell\u2019Essenza ist ein Rundwanderweg, der Wanderer entlang der K\u00fcste der westlich-zentralen Insel Elba f\u00fchrt und sich \u00fcber rund 67 Kilometer um das Monte-Capanne-Massiv erstreckt. Die Route ist in acht Etappen unterteilt, die jeweils durch besonders eindrucksvolle Panoramastrecken und eine enge Verbindung zur durchquerten Landschaft gekennzeichnet sind.<\/p>\n<p data-start=\"2683\" data-end=\"2996\" style=\"text-align: left;\">Dieser Weg entstand als Projekt zur Aufwertung des lokalen Wegenetzes und ist das Ergebnis der Zusammenarbeit zwischen der Acqua dell\u2019Elba Stiftung und dem Nationalpark Toskanischer Archipel. Ziel ist es, die Insel durch ihre Landschaften, Traditionen und ihre authentischste Identit\u00e4t erlebbar zu machen.<\/p>\n<p data-start=\"2998\" data-end=\"3295\" style=\"text-align: left;\">Entlang jeder Etappe wurden f\u00fcnf bedeutende Orte ausgew\u00e4hlt, die Wanderern helfen, die nat\u00fcrlichen, historischen und kulturellen Besonderheiten dieses Teils von Elba zu entdecken und den Weg zu einer sinnlichen und erz\u00e4hlerischen Erfahrung zu machen \u2013 weit \u00fcber das rein Sportliche hinaus.<\/p>\n<p data-start=\"3297\" data-end=\"3310\" style=\"text-align: left;\"><a href=\"https:\/\/www.islepark.it\/percorsi\/via-dellessenza\/\">DIE ROUTE<span style=\"color: #818181;\">\u00a0<\/span><\/a><\/p>\n<p style=\"text-align: left;\" data-start=\"141\" data-end=\"530\"><a href=\"https:\/\/www.islepark.it\/grande-traversata-elbana-gte\/gte-il-percorso\/\" style=\"font-size: 18px;\"><\/a><\/p>\n<p>[\/et_pb_text][\/et_pb_column][\/et_pb_row][et_pb_row padding_mobile=&#8220;off&#8220; column_padding_mobile=&#8220;on&#8220; _builder_version=&#8220;4.16&#8243; background_size=&#8220;initial&#8220; background_position=&#8220;top_left&#8220; background_repeat=&#8220;repeat&#8220; custom_padding=&#8220;0px|0px|0px|0px&#8220; global_colors_info=&#8220;{}&#8220;][et_pb_column type=&#8220;4_4&#8243; _builder_version=&#8220;4.16&#8243; custom_padding=&#8220;|||&#8220; global_colors_info=&#8220;{}&#8220; custom_padding__hover=&#8220;|||&#8220;][et_pb_image src=&#8220;https:\/\/www.welcometoelba.com\/wp-content\/uploads\/mappa-via-essenze-aggiornata_giugno_2024.jpg&#8220; title_text=&#8220;mappa-via-essenze-aggiornata_giugno_2024&#8243; url=&#8220;https:\/\/www.islepark.it\/percorsi\/via-dellessenza\/&#8220; url_new_window=&#8220;on&#8220; align=&#8220;center&#8220; _builder_version=&#8220;4.22.2&#8243; _module_preset=&#8220;default&#8220; global_colors_info=&#8220;{}&#8220;][\/et_pb_image][et_pb_image src=&#8220;https:\/\/www.welcometoelba.com\/wp-content\/uploads\/FONDAZIONE-ELBA.jpg&#8220; title_text=&#8220;FONDAZIONE ELBA&#8220; url=&#8220;https:\/\/www.fondazioneacquadellelba.org\/en\/sezioni\/ambiente\/7-la-via-dellessenza.html&#8220; url_new_window=&#8220;on&#8220; align=&#8220;center&#8220; _builder_version=&#8220;4.22.2&#8243; _module_preset=&#8220;default&#8220; hover_enabled=&#8220;0&#8243; global_colors_info=&#8220;{}&#8220; locked=&#8220;off&#8220; sticky_enabled=&#8220;0&#8243;][\/et_pb_image][\/et_pb_column][\/et_pb_row][et_pb_row column_structure=&#8220;1_2,1_2&#8243; padding_mobile=&#8220;off&#8220; column_padding_mobile=&#8220;on&#8220; _builder_version=&#8220;4.16&#8243; background_size=&#8220;initial&#8220; background_position=&#8220;top_left&#8220; background_repeat=&#8220;repeat&#8220; custom_padding=&#8220;0px|0px|0px|0px&#8220; global_colors_info=&#8220;{}&#8220;][et_pb_column type=&#8220;1_2&#8243; _builder_version=&#8220;4.16&#8243; custom_padding=&#8220;|||&#8220; global_colors_info=&#8220;{}&#8220; custom_padding__hover=&#8220;|||&#8220;][\/et_pb_column][et_pb_column type=&#8220;1_2&#8243; _builder_version=&#8220;4.16&#8243; custom_padding=&#8220;|||&#8220; global_colors_info=&#8220;{}&#8220; custom_padding__hover=&#8220;|||&#8220;][\/et_pb_column][\/et_pb_row][\/et_pb_section]<\/p>\n","protected":false},"excerpt":{"rendered":"<p>&nbsp; &nbsp; DIE FERNWANDERWEGE DER INSEL ELBADie Grande Traversata Elbana und die Via dell\u2019Essenza: zwei Wanderwege durch Natur, spektakul\u00e4re Landschaften und einzigartige Stimmungen der Insel ElbaGTE La Grande Traversata Elbana Die Grande Traversata Elbana (GTE) ist ein Fernwanderweg, der die Insel Elba von Ost nach West durchquert und die Ostk\u00fcste mit der Westk\u00fcste verbindet. Die [&hellip;]<\/p>\n","protected":false},"author":1,"featured_media":0,"parent":2017,"menu_order":0,"comment_status":"closed","ping_status":"closed","template":"","meta":{"_et_pb_use_builder":"on","_et_pb_old_content":"","_et_gb_content_width":"","_joinchat":[],"footnotes":""},"class_list":["post-3427","page","type-page","status-publish","hentry"],"_links":{"self":[{"href":"https:\/\/www.welcometoelba.com\/de\/wp-json\/wp\/v2\/pages\/3427","targetHints":{"allow":["GET"]}}],"collection":[{"href":"https:\/\/www.welcometoelba.com\/de\/wp-json\/wp\/v2\/pages"}],"about":[{"href":"https:\/\/www.welcometoelba.com\/de\/wp-json\/wp\/v2\/types\/page"}],"author":[{"embeddable":true,"href":"https:\/\/www.welcometoelba.com\/de\/wp-json\/wp\/v2\/users\/1"}],"replies":[{"embeddable":true,"href":"https:\/\/www.welcometoelba.com\/de\/wp-json\/wp\/v2\/comments?post=3427"}],"version-history":[{"count":34,"href":"https:\/\/www.welcometoelba.com\/de\/wp-json\/wp\/v2\/pages\/3427\/revisions"}],"predecessor-version":[{"id":14431,"href":"https:\/\/www.welcometoelba.com\/de\/wp-json\/wp\/v2\/pages\/3427\/revisions\/14431"}],"up":[{"embeddable":true,"href":"https:\/\/www.welcometoelba.com\/de\/wp-json\/wp\/v2\/pages\/2017"}],"wp:attachment":[{"href":"https:\/\/www.welcometoelba.com\/de\/wp-json\/wp\/v2\/media?parent=3427"}],"curies":[{"name":"wp","href":"https:\/\/api.w.org\/{rel}","templated":true}]}}