{"id":1966,"date":"2015-12-09T17:39:30","date_gmt":"2015-12-09T16:39:30","guid":{"rendered":"http:\/\/www.hotelmontemerlo-elba.com\/?page_id=1966&#038;lang=de"},"modified":"2025-05-08T08:37:16","modified_gmt":"2025-05-08T06:37:16","slug":"faehren-reservierung","status":"publish","type":"page","link":"https:\/\/www.welcometoelba.com\/de\/buchen\/faehren-reservierung\/","title":{"rendered":"F\u00e4hren Reservierung"},"content":{"rendered":"<p>[et_pb_section fb_built=&#8220;1&#8243; fullwidth=&#8220;on&#8220; _builder_version=&#8220;4.16&#8243; global_colors_info=&#8220;{}&#8220;][et_pb_fullwidth_image src=&#8220;https:\/\/www.welcometoelba.com\/wp-content\/uploads\/header_traghetti.jpg&#8220; alt=&#8220;Traghetti Isola d&#8217;Elba&#8220; admin_label=&#8220;Header&#8220; _builder_version=&#8220;4.16&#8243; animation_style=&#8220;fade&#8220; animation_duration=&#8220;500ms&#8220; use_border_color=&#8220;off&#8220; global_colors_info=&#8220;{}&#8220;][\/et_pb_fullwidth_image][\/et_pb_section][et_pb_section fb_built=&#8220;1&#8243; custom_padding_last_edited=&#8220;on|desktop&#8220; _builder_version=&#8220;4.16&#8243; custom_padding=&#8220;0px||0px|&#8220; custom_padding_tablet=&#8220;50px|0|50px|0&#8243; custom_padding_phone=&#8220;&#8220; transparent_background=&#8220;off&#8220; padding_mobile=&#8220;off&#8220; make_fullwidth=&#8220;off&#8220; use_custom_width=&#8220;off&#8220; width_unit=&#8220;on&#8220; global_colors_info=&#8220;{}&#8220;][et_pb_row padding_mobile=&#8220;off&#8220; column_padding_mobile=&#8220;on&#8220; _builder_version=&#8220;4.16&#8243; background_size=&#8220;initial&#8220; background_position=&#8220;top_left&#8220; background_repeat=&#8220;repeat&#8220; custom_padding=&#8220;20px|20px&#8220; make_fullwidth=&#8220;off&#8220; use_custom_width=&#8220;off&#8220; width_unit=&#8220;on&#8220; global_colors_info=&#8220;{}&#8220;][et_pb_column type=&#8220;4_4&#8243; _builder_version=&#8220;4.16&#8243; custom_padding=&#8220;|||&#8220; global_colors_info=&#8220;{}&#8220; custom_padding__hover=&#8220;|||&#8220;][et_pb_text admin_label=&#8220;Breadcrumb&#8220; module_class=&#8220;bread&#8220; _builder_version=&#8220;4.16&#8243; text_font=&#8220;Judson||||&#8220; text_text_color=&#8220;#cccccc&#8220; text_font_size=&#8220;18&#8243; background_size=&#8220;initial&#8220; background_position=&#8220;top_left&#8220; background_repeat=&#8220;repeat&#8220; use_border_color=&#8220;off&#8220; border_color=&#8220;#ffffff&#8220; border_style=&#8220;solid&#8220; global_colors_info=&#8220;{}&#8220;]<a href=\"\/de\/\">HOME<\/a>\u00a0\u00a0&gt;\u00a0\u00a0<a href=\"https:\/\/www.welcometoelba.com\/de\/buchen\/\">BUCHEN<\/a>\u00a0\u00a0&gt;\u00a0\u00a0<a href=\"https:\/\/www.welcometoelba.com\/de\/buchen\/faehren-reservierung\/\">F\u00c4HREN RESERVIERUNG<\/a><br \/>\n[\/et_pb_text][\/et_pb_column][\/et_pb_row][\/et_pb_section][et_pb_section fb_built=&#8220;1&#8243; custom_padding_last_edited=&#8220;on|desktop&#8220; _builder_version=&#8220;4.16&#8243; background_color=&#8220;#f6f6f6&#8243; custom_padding=&#8220;0px|0px|0px|0px&#8220; custom_padding_tablet=&#8220;50px|0|50px|0&#8243; custom_padding_phone=&#8220;&#8220; transparent_background=&#8220;off&#8220; padding_mobile=&#8220;off&#8220; make_fullwidth=&#8220;off&#8220; use_custom_width=&#8220;off&#8220; width_unit=&#8220;on&#8220; global_colors_info=&#8220;{}&#8220;][et_pb_row padding_mobile=&#8220;off&#8220; column_padding_mobile=&#8220;on&#8220; _builder_version=&#8220;4.16&#8243; background_size=&#8220;initial&#8220; background_position=&#8220;top_left&#8220; background_repeat=&#8220;repeat&#8220; custom_padding=&#8220;0px|0px|0px|0px&#8220; make_fullwidth=&#8220;off&#8220; use_custom_width=&#8220;off&#8220; width_unit=&#8220;on&#8220; global_colors_info=&#8220;{}&#8220;][et_pb_column type=&#8220;4_4&#8243; _builder_version=&#8220;4.16&#8243; custom_padding=&#8220;|||&#8220; global_colors_info=&#8220;{}&#8220; custom_padding__hover=&#8220;|||&#8220;][et_pb_code admin_label=&#8220;Spazio&#8220; _builder_version=&#8220;4.16&#8243; global_colors_info=&#8220;{}&#8220;]<\/p>\n<div class=\"espace\"><\/div>\n<p>[\/et_pb_code][\/et_pb_column][\/et_pb_row][et_pb_row padding_mobile=&#8220;off&#8220; column_padding_mobile=&#8220;on&#8220; _builder_version=&#8220;4.16&#8243; background_size=&#8220;initial&#8220; background_position=&#8220;top_left&#8220; background_repeat=&#8220;repeat&#8220; custom_padding=&#8220;0px|0px&#8220; make_fullwidth=&#8220;off&#8220; use_custom_width=&#8220;off&#8220; width_unit=&#8220;on&#8220; global_colors_info=&#8220;{}&#8220;][et_pb_column type=&#8220;4_4&#8243; _builder_version=&#8220;4.16&#8243; custom_padding=&#8220;|||&#8220; global_colors_info=&#8220;{}&#8220; custom_padding__hover=&#8220;|||&#8220;][et_pb_text admin_label=&#8220;Titolo %22Prenotazione Traghetto%22&#8243; _builder_version=&#8220;4.16&#8243; text_font=&#8220;Judson||||&#8220; background_size=&#8220;initial&#8220; background_position=&#8220;top_left&#8220; background_repeat=&#8220;repeat&#8220; text_orientation=&#8220;center&#8220; module_alignment=&#8220;center&#8220; use_border_color=&#8220;off&#8220; border_color=&#8220;#ffffff&#8220; border_style=&#8220;solid&#8220; global_colors_info=&#8220;{}&#8220;]<\/p>\n<h1 class=\"titolis\">F\u00c4HREN RESERVIERUNG<\/h1>\n<p>[\/et_pb_text][\/et_pb_column][\/et_pb_row][et_pb_row padding_mobile=&#8220;off&#8220; column_padding_mobile=&#8220;on&#8220; _builder_version=&#8220;4.16&#8243; background_size=&#8220;initial&#8220; background_position=&#8220;top_left&#8220; background_repeat=&#8220;repeat&#8220; custom_padding=&#8220;0px|0px|0px|0px&#8220; make_fullwidth=&#8220;off&#8220; use_custom_width=&#8220;off&#8220; width_unit=&#8220;on&#8220; global_colors_info=&#8220;{}&#8220;][et_pb_column type=&#8220;4_4&#8243; _builder_version=&#8220;4.16&#8243; custom_padding=&#8220;|||&#8220; global_colors_info=&#8220;{}&#8220; custom_padding__hover=&#8220;|||&#8220;][et_pb_text admin_label=&#8220;Testo %22Sconto BluNavy%22&#8243; module_class=&#8220;textprinc&#8220; _builder_version=&#8220;4.22.2&#8243; text_font=&#8220;Judson||||&#8220; text_font_size=&#8220;18&#8243; text_line_height=&#8220;1.8em&#8220; background_color=&#8220;#ffffff&#8220; background_size=&#8220;initial&#8220; background_position=&#8220;top_left&#8220; background_repeat=&#8220;repeat&#8220; text_orientation=&#8220;center&#8220; module_alignment=&#8220;center&#8220; hover_enabled=&#8220;0&#8243; use_border_color=&#8220;off&#8220; global_colors_info=&#8220;{}&#8220; sticky_enabled=&#8220;0&#8243;]<\/p>\n<p class=\"testis\" style=\"text-align: center;\">Rabatt bis zu 50% auf die BLUNAVY-Tickets.<br \/>Rabattcode verf\u00fcgbar nach Best\u00e4tigung des Hotels<\/p>\n<p><a href=\"https:\/\/www.welcometoelba.com\/de\/buchen\/faehren-reservierung\/blu-navy\/\"><img loading=\"lazy\" decoding=\"async\" class=\"aligncenter size-full wp-image-968\" src=\"https:\/\/www.welcometoelba.com\/wp-content\/uploads\/logo_blunavy_new.png\" alt=\"Blu Navy\" width=\"400\" height=\"92\" \/><\/a><\/p>\n<p>[\/et_pb_text][\/et_pb_column][\/et_pb_row][et_pb_row padding_mobile=&#8220;off&#8220; column_padding_mobile=&#8220;on&#8220; _builder_version=&#8220;4.16&#8243; background_size=&#8220;initial&#8220; background_position=&#8220;top_left&#8220; background_repeat=&#8220;repeat&#8220; custom_padding=&#8220;0px|0px|0px|0px&#8220; make_fullwidth=&#8220;off&#8220; use_custom_width=&#8220;off&#8220; width_unit=&#8220;on&#8220; global_colors_info=&#8220;{}&#8220;][et_pb_column type=&#8220;4_4&#8243; _builder_version=&#8220;4.16&#8243; custom_padding=&#8220;|||&#8220; global_colors_info=&#8220;{}&#8220; custom_padding__hover=&#8220;|||&#8220;][et_pb_code admin_label=&#8220;Spazio&#8220; _builder_version=&#8220;4.16&#8243; global_colors_info=&#8220;{}&#8220;]<\/p>\n<div class=\"espace\"><\/div>\n<p>[\/et_pb_code][\/et_pb_column][\/et_pb_row][et_pb_row padding_mobile=&#8220;off&#8220; column_padding_mobile=&#8220;on&#8220; _builder_version=&#8220;4.16&#8243; background_size=&#8220;initial&#8220; background_position=&#8220;top_left&#8220; background_repeat=&#8220;repeat&#8220; custom_padding=&#8220;0px|0px|0px|0px&#8220; make_fullwidth=&#8220;off&#8220; use_custom_width=&#8220;off&#8220; width_unit=&#8220;on&#8220; global_colors_info=&#8220;{}&#8220;][et_pb_column type=&#8220;4_4&#8243; _builder_version=&#8220;4.16&#8243; custom_padding=&#8220;|||&#8220; global_colors_info=&#8220;{}&#8220; custom_padding__hover=&#8220;|||&#8220;][et_pb_text admin_label=&#8220;Testo %22Prenota Moby e Toremar%22&#8243; module_class=&#8220;textprinc&#8220; _builder_version=&#8220;4.16&#8243; text_font=&#8220;Judson||||&#8220; text_font_size=&#8220;18&#8243; text_line_height=&#8220;1.8em&#8220; background_color=&#8220;#ffffff&#8220; background_size=&#8220;initial&#8220; background_position=&#8220;top_left&#8220; background_repeat=&#8220;repeat&#8220; text_orientation=&#8220;center&#8220; module_alignment=&#8220;center&#8220; use_border_color=&#8220;off&#8220; global_colors_info=&#8220;{}&#8220;]<\/p>\n<p class=\"testis\" style=\"text-align: center;\">Rabatt bis zu 50% auf die Moby und Toremar-Tickets.<br \/>\nRabattcode verf\u00fcgbar nach Best\u00e4tigung des Hotels<\/p>\n<p class=\"testis\" style=\"text-align: center;\"><a href=\"https:\/\/www.welcometoelba.com\/de\/buchen\/faehren-reservierung\/moby-und-toremar\/\" target=\"_blank\" rel=\"noopener\"><img loading=\"lazy\" decoding=\"async\" class=\"aligncenter wp-image-10283\" src=\"https:\/\/www.welcometoelba.com\/wp-content\/uploads\/Moby-Toremar.jpg\" alt=\"\" width=\"323\" height=\"160\" srcset=\"https:\/\/www.welcometoelba.com\/wp-content\/uploads\/Moby-Toremar.jpg 500w, https:\/\/www.welcometoelba.com\/wp-content\/uploads\/Moby-Toremar-300x149.jpg 300w\" sizes=\"auto, (max-width: 323px) 100vw, 323px\" \/><\/a><\/p>\n<p>[\/et_pb_text][\/et_pb_column][\/et_pb_row][et_pb_row padding_mobile=&#8220;off&#8220; column_padding_mobile=&#8220;on&#8220; _builder_version=&#8220;4.16&#8243; background_size=&#8220;initial&#8220; background_position=&#8220;top_left&#8220; background_repeat=&#8220;repeat&#8220; custom_padding=&#8220;0px|0px|0px|0px&#8220; make_fullwidth=&#8220;off&#8220; use_custom_width=&#8220;off&#8220; width_unit=&#8220;on&#8220; global_colors_info=&#8220;{}&#8220;][et_pb_column type=&#8220;4_4&#8243; _builder_version=&#8220;4.16&#8243; custom_padding=&#8220;|||&#8220; global_colors_info=&#8220;{}&#8220; custom_padding__hover=&#8220;|||&#8220;][et_pb_code admin_label=&#8220;Spazio&#8220; _builder_version=&#8220;4.16&#8243; global_colors_info=&#8220;{}&#8220;]<\/p>\n<div class=\"espace\"><\/div>\n<p>[\/et_pb_code][\/et_pb_column][\/et_pb_row][\/et_pb_section]<\/p>\n","protected":false},"excerpt":{"rendered":"<p>HOME\u00a0\u00a0&gt;\u00a0\u00a0BUCHEN\u00a0\u00a0&gt;\u00a0\u00a0F\u00c4HREN RESERVIERUNG F\u00c4HREN RESERVIERUNG Rabatt bis zu 50% auf die BLUNAVY-Tickets.Rabattcode verf\u00fcgbar nach Best\u00e4tigung des Hotels Rabatt bis zu 50% auf die Moby und Toremar-Tickets. Rabattcode verf\u00fcgbar nach Best\u00e4tigung des Hotels<\/p>\n","protected":false},"author":1,"featured_media":0,"parent":1947,"menu_order":4,"comment_status":"closed","ping_status":"closed","template":"","meta":{"_et_pb_use_builder":"on","_et_pb_old_content":"","_et_gb_content_width":"","_joinchat":[],"footnotes":""},"class_list":["post-1966","page","type-page","status-publish","hentry"],"_links":{"self":[{"href":"https:\/\/www.welcometoelba.com\/de\/wp-json\/wp\/v2\/pages\/1966","targetHints":{"allow":["GET"]}}],"collection":[{"href":"https:\/\/www.welcometoelba.com\/de\/wp-json\/wp\/v2\/pages"}],"about":[{"href":"https:\/\/www.welcometoelba.com\/de\/wp-json\/wp\/v2\/types\/page"}],"author":[{"embeddable":true,"href":"https:\/\/www.welcometoelba.com\/de\/wp-json\/wp\/v2\/users\/1"}],"replies":[{"embeddable":true,"href":"https:\/\/www.welcometoelba.com\/de\/wp-json\/wp\/v2\/comments?post=1966"}],"version-history":[{"count":11,"href":"https:\/\/www.welcometoelba.com\/de\/wp-json\/wp\/v2\/pages\/1966\/revisions"}],"predecessor-version":[{"id":14186,"href":"https:\/\/www.welcometoelba.com\/de\/wp-json\/wp\/v2\/pages\/1966\/revisions\/14186"}],"up":[{"embeddable":true,"href":"https:\/\/www.welcometoelba.com\/de\/wp-json\/wp\/v2\/pages\/1947"}],"wp:attachment":[{"href":"https:\/\/www.welcometoelba.com\/de\/wp-json\/wp\/v2\/media?parent=1966"}],"curies":[{"name":"wp","href":"https:\/\/api.w.org\/{rel}","templated":true}]}}