{"id":1930,"date":"2015-12-09T10:01:01","date_gmt":"2015-12-09T09:01:01","guid":{"rendered":"http:\/\/www.hotelmontemerlo-elba.com\/?page_id=1930&#038;lang=de"},"modified":"2021-09-17T09:57:57","modified_gmt":"2021-09-17T07:57:57","slug":"ecodecalogo","status":"publish","type":"page","link":"https:\/\/www.welcometoelba.com\/de\/oeko-hotel\/ecodecalogo\/","title":{"rendered":"Ecodecalogo"},"content":{"rendered":"<p>[et_pb_section fb_built=&#8220;1&#8243; fullwidth=&#8220;on&#8220; _builder_version=&#8220;3.22&#8243;][et_pb_fullwidth_image src=&#8220;https:\/\/www.welcometoelba.com\/wp-content\/uploads\/header_ecohotel.jpg&#8220; alt=&#8220;Eco Hotel Montemerlo&#8220; admin_label=&#8220;Header&#8220; _builder_version=&#8220;3.0.94&#8243; animation_style=&#8220;fade&#8220; animation_duration=&#8220;500ms&#8220; use_border_color=&#8220;off&#8220;][\/et_pb_fullwidth_image][\/et_pb_section][et_pb_section fb_built=&#8220;1&#8243; custom_padding_last_edited=&#8220;on|desktop&#8220; _builder_version=&#8220;3.22&#8243; custom_padding=&#8220;0px||0px|&#8220; custom_padding_tablet=&#8220;50px|0|50px|0&#8243; custom_padding_phone=&#8220;&#8220; transparent_background=&#8220;off&#8220; padding_mobile=&#8220;off&#8220; make_fullwidth=&#8220;off&#8220; use_custom_width=&#8220;off&#8220; width_unit=&#8220;on&#8220;][et_pb_row padding_mobile=&#8220;off&#8220; column_padding_mobile=&#8220;on&#8220; _builder_version=&#8220;3.25&#8243; background_size=&#8220;initial&#8220; background_position=&#8220;top_left&#8220; background_repeat=&#8220;repeat&#8220; custom_padding=&#8220;20px|20px&#8220; make_fullwidth=&#8220;off&#8220; use_custom_width=&#8220;off&#8220; width_unit=&#8220;on&#8220;][et_pb_column type=&#8220;4_4&#8243; _builder_version=&#8220;3.25&#8243; custom_padding=&#8220;|||&#8220; custom_padding__hover=&#8220;|||&#8220;][et_pb_text admin_label=&#8220;Breadcrumb&#8220; module_class=&#8220;bread&#8220; _builder_version=&#8220;3.27.4&#8243; text_font=&#8220;Judson||||&#8220; text_text_color=&#8220;#cccccc&#8220; text_font_size=&#8220;18&#8243; background_size=&#8220;initial&#8220; background_position=&#8220;top_left&#8220; background_repeat=&#8220;repeat&#8220; use_border_color=&#8220;off&#8220; border_color=&#8220;#ffffff&#8220; border_style=&#8220;solid&#8220;]<\/p>\n<p><a href=\"\/de\/\">HOME<\/a>&nbsp;&nbsp;&gt;&nbsp;&nbsp;<a href=\"\/de\/oeko-hotel\/\">\u00d6KO-HOTEL<\/a>&nbsp;&nbsp;&gt;&nbsp;&nbsp;<a href=\"\/de\/oeko-hotel\/ecodecalogo\/\">ECODECALOGO<\/a><\/p>\n<p>[\/et_pb_text][\/et_pb_column][\/et_pb_row][\/et_pb_section][et_pb_section fb_built=&#8220;1&#8243; custom_padding_last_edited=&#8220;on|desktop&#8220; _builder_version=&#8220;3.22&#8243; background_color=&#8220;#efeae4&#8243; custom_padding=&#8220;0px||0px|&#8220; custom_padding_tablet=&#8220;50px|0|50px|0&#8243; custom_padding_phone=&#8220;&#8220; transparent_background=&#8220;off&#8220; padding_mobile=&#8220;off&#8220; make_fullwidth=&#8220;off&#8220; use_custom_width=&#8220;off&#8220; width_unit=&#8220;on&#8220;][et_pb_row padding_mobile=&#8220;on&#8220; column_padding_mobile=&#8220;on&#8220; _builder_version=&#8220;3.25&#8243; background_size=&#8220;initial&#8220; background_position=&#8220;top_left&#8220; background_repeat=&#8220;repeat&#8220; custom_padding=&#8220;20px||20px|&#8220; make_fullwidth=&#8220;off&#8220; use_custom_width=&#8220;off&#8220; width_unit=&#8220;on&#8220;][et_pb_column type=&#8220;4_4&#8243; _builder_version=&#8220;3.25&#8243; custom_padding=&#8220;|||&#8220; custom_padding__hover=&#8220;|||&#8220;][et_pb_button button_url=&#8220;http:\/\/www.welcometoelba.com\/de\/buchen\/buchen-online\/&#8220; button_text=&#8220;JETZT BUCHEN&#8220; button_alignment=&#8220;center&#8220; admin_label=&#8220;Pulsante Booking&#8220; module_class=&#8220;btngreen&#8220; _builder_version=&#8220;3.16&#8243; background_layout=&#8220;dark&#8220; button_letter_spacing_hover=&#8220;0&#8243; button_text_size__hover_enabled=&#8220;off&#8220; button_one_text_size__hover_enabled=&#8220;off&#8220; button_two_text_size__hover_enabled=&#8220;off&#8220; button_text_color__hover_enabled=&#8220;off&#8220; button_one_text_color__hover_enabled=&#8220;off&#8220; button_two_text_color__hover_enabled=&#8220;off&#8220; button_border_width__hover_enabled=&#8220;off&#8220; button_one_border_width__hover_enabled=&#8220;off&#8220; button_two_border_width__hover_enabled=&#8220;off&#8220; button_border_color__hover_enabled=&#8220;off&#8220; button_one_border_color__hover_enabled=&#8220;off&#8220; button_two_border_color__hover_enabled=&#8220;off&#8220; button_border_radius__hover_enabled=&#8220;off&#8220; button_one_border_radius__hover_enabled=&#8220;off&#8220; button_two_border_radius__hover_enabled=&#8220;off&#8220; button_letter_spacing__hover_enabled=&#8220;on&#8220; button_letter_spacing__hover=&#8220;0&#8243; button_one_letter_spacing__hover_enabled=&#8220;off&#8220; button_two_letter_spacing__hover_enabled=&#8220;off&#8220; button_bg_color__hover_enabled=&#8220;off&#8220; button_one_bg_color__hover_enabled=&#8220;off&#8220; button_two_bg_color__hover_enabled=&#8220;off&#8220;][\/et_pb_button][\/et_pb_column][\/et_pb_row][\/et_pb_section][et_pb_section fb_built=&#8220;1&#8243; custom_padding_last_edited=&#8220;on|desktop&#8220; _builder_version=&#8220;3.22&#8243; background_color=&#8220;#f6f6f6&#8243; custom_padding=&#8220;0px|0px|0px|0px&#8220; custom_padding_tablet=&#8220;50px|0|50px|0&#8243; custom_padding_phone=&#8220;&#8220; transparent_background=&#8220;off&#8220; padding_mobile=&#8220;off&#8220; make_fullwidth=&#8220;off&#8220; use_custom_width=&#8220;off&#8220; width_unit=&#8220;on&#8220;][et_pb_row padding_mobile=&#8220;off&#8220; column_padding_mobile=&#8220;on&#8220; _builder_version=&#8220;3.25&#8243; background_size=&#8220;initial&#8220; background_position=&#8220;top_left&#8220; background_repeat=&#8220;repeat&#8220; custom_padding=&#8220;0px|0px|0px|0px&#8220; make_fullwidth=&#8220;off&#8220; use_custom_width=&#8220;off&#8220; width_unit=&#8220;on&#8220;][et_pb_column type=&#8220;4_4&#8243; _builder_version=&#8220;3.25&#8243; custom_padding=&#8220;|||&#8220; custom_padding__hover=&#8220;|||&#8220;][et_pb_code admin_label=&#8220;Spazio&#8220;]<\/p>\n<div class=\"espace\"><\/div>\n<p>[\/et_pb_code][\/et_pb_column][\/et_pb_row][et_pb_row padding_mobile=&#8220;off&#8220; column_padding_mobile=&#8220;on&#8220; _builder_version=&#8220;3.25&#8243; background_size=&#8220;initial&#8220; background_position=&#8220;top_left&#8220; background_repeat=&#8220;repeat&#8220; custom_padding=&#8220;0px|0px&#8220; make_fullwidth=&#8220;off&#8220; use_custom_width=&#8220;off&#8220; width_unit=&#8220;on&#8220;][et_pb_column type=&#8220;4_4&#8243; _builder_version=&#8220;3.25&#8243; custom_padding=&#8220;|||&#8220; custom_padding__hover=&#8220;|||&#8220;][et_pb_text admin_label=&#8220;Titolo %22Ecodecalogo%22&#8243; _builder_version=&#8220;3.27.4&#8243; text_font=&#8220;Judson||||&#8220; background_size=&#8220;initial&#8220; background_position=&#8220;top_left&#8220; background_repeat=&#8220;repeat&#8220; text_orientation=&#8220;center&#8220; module_alignment=&#8220;center&#8220; use_border_color=&#8220;off&#8220; border_color=&#8220;#ffffff&#8220; border_style=&#8220;solid&#8220;]<\/p>\n<h1 class=\"titolis\">ECODECALOGO<\/h1>\n<p>(work in progress&#8230;)<br \/>\n[\/et_pb_text][\/et_pb_column][\/et_pb_row][et_pb_row padding_mobile=&#8220;off&#8220; column_padding_mobile=&#8220;on&#8220; _builder_version=&#8220;3.25&#8243; background_size=&#8220;initial&#8220; background_position=&#8220;top_left&#8220; background_repeat=&#8220;repeat&#8220; custom_padding=&#8220;0px|0px|0px|0px&#8220; make_fullwidth=&#8220;off&#8220; use_custom_width=&#8220;off&#8220; width_unit=&#8220;on&#8220;][et_pb_column type=&#8220;4_4&#8243; _builder_version=&#8220;3.25&#8243; custom_padding=&#8220;|||&#8220; custom_padding__hover=&#8220;|||&#8220;][et_pb_code admin_label=&#8220;Spazio&#8220;]<\/p>\n<div class=\"espace\"><\/div>\n<p>[\/et_pb_code][\/et_pb_column][\/et_pb_row][et_pb_row padding_mobile=&#8220;off&#8220; column_padding_mobile=&#8220;on&#8220; _builder_version=&#8220;3.25&#8243; background_size=&#8220;initial&#8220; background_position=&#8220;top_left&#8220; background_repeat=&#8220;repeat&#8220; custom_padding=&#8220;0px|0px|0px|0px&#8220; make_fullwidth=&#8220;off&#8220; use_custom_width=&#8220;off&#8220; width_unit=&#8220;on&#8220;][et_pb_column type=&#8220;4_4&#8243; _builder_version=&#8220;3.25&#8243; custom_padding=&#8220;|||&#8220; custom_padding__hover=&#8220;|||&#8220;][et_pb_text admin_label=&#8220;Testo %22Ristorazione%22&#8243; module_class=&#8220;textprinc&#8220; _builder_version=&#8220;3.27.4&#8243; text_font=&#8220;Judson||||&#8220; text_font_size=&#8220;18&#8243; text_line_height=&#8220;1.8em&#8220; background_color=&#8220;#ffffff&#8220; background_size=&#8220;initial&#8220; background_position=&#8220;top_left&#8220; background_repeat=&#8220;repeat&#8220; use_border_color=&#8220;off&#8220; border_color=&#8220;#ffffff&#8220; border_style=&#8220;solid&#8220;]<\/p>\n<h1 class=\"titolis2\">RESTAURANT<\/h1>\n<ul class=\"testis\">\n<li>Es werden keine Produkte verwendet, die auf der Etikette GVO vorweisen (gentechnisch ver\u00e4nderte Organismen)<\/li>\n<li>Bestimmte Lebensmittel die verarbeitet werden sind BIO (Fr\u00fchst\u00fcck)<\/li>\n<li>Einige Gerichte im Men\u00fc sind lokaler Herkunft (0 km)<\/li>\n<li>Es werden nur wenig Einweg-Produkte verwendet (mit hoher Produktion von Verpackungen)<\/li>\n<li>Es werden Produkte mit wenig Verpackung gew\u00e4hl<\/li>\n<li>Reduzierung und Optimierung des Wasserverbrauchs<\/li>\n<li>Reduzierung und Optimierung des Energieverbrauchs<\/li>\n<li>Es wird mit konzentrierten Reinigungsmitteln f\u00fcr eine geringe Umweltbelastung gearbeitet<\/li>\n<li>Getrennte Abfallentsorgung<\/li>\n<\/ul>\n<p>[\/et_pb_text][\/et_pb_column][\/et_pb_row][et_pb_row padding_mobile=&#8220;off&#8220; column_padding_mobile=&#8220;on&#8220; _builder_version=&#8220;3.25&#8243; background_size=&#8220;initial&#8220; background_position=&#8220;top_left&#8220; background_repeat=&#8220;repeat&#8220; custom_padding=&#8220;0px|0px|0px|0px&#8220; make_fullwidth=&#8220;off&#8220; use_custom_width=&#8220;off&#8220; width_unit=&#8220;on&#8220;][et_pb_column type=&#8220;4_4&#8243; _builder_version=&#8220;3.25&#8243; custom_padding=&#8220;|||&#8220; custom_padding__hover=&#8220;|||&#8220;][et_pb_code admin_label=&#8220;Spazio&#8220;]<\/p>\n<div class=\"espace\"><\/div>\n<p>[\/et_pb_code][\/et_pb_column][\/et_pb_row][et_pb_row padding_mobile=&#8220;off&#8220; column_padding_mobile=&#8220;on&#8220; _builder_version=&#8220;3.25&#8243; background_size=&#8220;initial&#8220; background_position=&#8220;top_left&#8220; background_repeat=&#8220;repeat&#8220; custom_padding=&#8220;0px|0px|0px|0px&#8220; make_fullwidth=&#8220;off&#8220; use_custom_width=&#8220;off&#8220; width_unit=&#8220;on&#8220;][et_pb_column type=&#8220;4_4&#8243; _builder_version=&#8220;3.25&#8243; custom_padding=&#8220;|||&#8220; custom_padding__hover=&#8220;|||&#8220;][et_pb_text admin_label=&#8220;Testo %22Camere%22&#8243; module_class=&#8220;textprinc&#8220; _builder_version=&#8220;3.27.4&#8243; text_font=&#8220;Judson||||&#8220; text_font_size=&#8220;18&#8243; text_line_height=&#8220;1.8em&#8220; background_color=&#8220;#ffffff&#8220; background_size=&#8220;initial&#8220; background_position=&#8220;top_left&#8220; background_repeat=&#8220;repeat&#8220; use_border_color=&#8220;off&#8220; border_color=&#8220;#ffffff&#8220; border_style=&#8220;solid&#8220;]<\/p>\n<h1 class=\"titolis2\">ZIMMER<\/h1>\n<ul class=\"testis\">\n<li>Verwendung von umweltvertr\u00e4glichen Toilettenpapier<\/li>\n<li>Reduzierung der Einweg-Produkte<\/li>\n<li>Fast vollst\u00e4ndige Eliminierung von S\u00e4uren und Einf\u00fchrung von nat\u00fcrlichen Prozessen (z.B. Dampf)<\/li>\n<li>Es werden Produkte mit geringem Einsatz von Verpackungen gebraucht<\/li>\n<li>Reduzierung und Optimierung des Wasserverbrauchs<\/li>\n<li>Reduzierung und Optimierung des Energieverbrauchs<\/li>\n<li>Getrennte Abfallentsorgung<\/li>\n<\/ul>\n<p>[\/et_pb_text][\/et_pb_column][\/et_pb_row][et_pb_row padding_mobile=&#8220;off&#8220; column_padding_mobile=&#8220;on&#8220; _builder_version=&#8220;3.25&#8243; background_size=&#8220;initial&#8220; background_position=&#8220;top_left&#8220; background_repeat=&#8220;repeat&#8220; custom_padding=&#8220;0px|0px|0px|0px&#8220; make_fullwidth=&#8220;off&#8220; use_custom_width=&#8220;off&#8220; width_unit=&#8220;on&#8220;][et_pb_column type=&#8220;4_4&#8243; _builder_version=&#8220;3.25&#8243; custom_padding=&#8220;|||&#8220; custom_padding__hover=&#8220;|||&#8220;][et_pb_code admin_label=&#8220;Spazio&#8220;]<\/p>\n<div class=\"espace\"><\/div>\n<p>[\/et_pb_code][\/et_pb_column][\/et_pb_row][et_pb_row padding_mobile=&#8220;off&#8220; column_padding_mobile=&#8220;on&#8220; _builder_version=&#8220;3.25&#8243; background_size=&#8220;initial&#8220; background_position=&#8220;top_left&#8220; background_repeat=&#8220;repeat&#8220; custom_padding=&#8220;0px|0px|0px|0px&#8220; make_fullwidth=&#8220;off&#8220; use_custom_width=&#8220;off&#8220; width_unit=&#8220;on&#8220;][et_pb_column type=&#8220;4_4&#8243; _builder_version=&#8220;3.25&#8243; custom_padding=&#8220;|||&#8220; custom_padding__hover=&#8220;|||&#8220;][et_pb_text admin_label=&#8220;Testo %22Uffici e Reception%22&#8243; module_class=&#8220;textprinc&#8220; _builder_version=&#8220;3.27.4&#8243; text_font=&#8220;Judson||||&#8220; text_font_size=&#8220;18&#8243; text_line_height=&#8220;1.8em&#8220; background_color=&#8220;#ffffff&#8220; background_size=&#8220;initial&#8220; background_position=&#8220;top_left&#8220; background_repeat=&#8220;repeat&#8220; use_border_color=&#8220;off&#8220; border_color=&#8220;#ffffff&#8220; border_style=&#8220;solid&#8220;]<\/p>\n<h1 class=\"titolis2\">B\u00dcROS UND EMPFANG<\/h1>\n<ul class=\"testis\">\n<li>Die Verwendung von Recyclingpapier und Wiederverwendung derselben f\u00fcr interne Notizen und Fotokopien<\/li>\n<li>Es werden wiederaufbereitete Tintenpatronen f\u00fcr Drucker gebraucht<\/li>\n<li>Kostenlose Exkursionen f\u00fcr unsere G\u00e4ste (Trekking und Kajak)<\/li>\n<li>Offenlegung der Natur, Geschichte und Kunst unserer Region<\/li>\n<li>F\u00f6rderung der M\u00f6glichkeiten f\u00fcr Bildung und Verbreitung von Umweltaspekten<\/li>\n<li>F\u00f6rderung des \u00f6ffentlichen Verkehrs und es werden Fahrpl\u00e4ne und Fahrkarten im Hotel angeboten<\/li>\n<li>Spezielle Vereinbarung f\u00fcr Leihfahrr\u00e4der<\/li>\n<li>Es wird &#8222;Angolo del Gusto&#8220; unterst\u00fczt f\u00fcr die F\u00f6rderung und Bereitstellung von anderen lokalen Produkten<\/li>\n<li>Zusammenarbeit mit wichtigen Organisationen und Verb\u00e4nden, welche die Erhaltung der Umwelt der Insel f\u00f6rdern<\/li>\n<li>Zusammenarbeit mit dem toskanischen Archipel-Nationalpark<\/li>\n<li>Zusammenarbeit mit Legambiente (zB Project Pancrazio)<\/li>\n<li>Getrennte Abfallentsorgung<\/li>\n<\/ul>\n<p>[\/et_pb_text][\/et_pb_column][\/et_pb_row][et_pb_row padding_mobile=&#8220;off&#8220; column_padding_mobile=&#8220;on&#8220; _builder_version=&#8220;3.25&#8243; background_size=&#8220;initial&#8220; background_position=&#8220;top_left&#8220; background_repeat=&#8220;repeat&#8220; custom_padding=&#8220;0px|0px|0px|0px&#8220; make_fullwidth=&#8220;off&#8220; use_custom_width=&#8220;off&#8220; width_unit=&#8220;on&#8220;][et_pb_column type=&#8220;4_4&#8243; _builder_version=&#8220;3.25&#8243; custom_padding=&#8220;|||&#8220; custom_padding__hover=&#8220;|||&#8220;][et_pb_code admin_label=&#8220;Spazio&#8220;]<\/p>\n<div class=\"espace\"><\/div>\n<p>[\/et_pb_code][\/et_pb_column][\/et_pb_row][et_pb_row padding_mobile=&#8220;off&#8220; column_padding_mobile=&#8220;on&#8220; _builder_version=&#8220;3.25&#8243; background_size=&#8220;initial&#8220; background_position=&#8220;top_left&#8220; background_repeat=&#8220;repeat&#8220; custom_padding=&#8220;0px|0px|0px|0px&#8220; make_fullwidth=&#8220;off&#8220; use_custom_width=&#8220;off&#8220; width_unit=&#8220;on&#8220;][et_pb_column type=&#8220;4_4&#8243; _builder_version=&#8220;3.25&#8243; custom_padding=&#8220;|||&#8220; custom_padding__hover=&#8220;|||&#8220;][et_pb_text admin_label=&#8220;Testo %22Giardino e Piscina%22&#8243; module_class=&#8220;textprinc&#8220; _builder_version=&#8220;3.27.4&#8243; text_font=&#8220;Judson||||&#8220; text_font_size=&#8220;18&#8243; text_line_height=&#8220;1.8em&#8220; background_color=&#8220;#ffffff&#8220; background_size=&#8220;initial&#8220; background_position=&#8220;top_left&#8220; background_repeat=&#8220;repeat&#8220; use_border_color=&#8220;off&#8220; border_color=&#8220;#ffffff&#8220; border_style=&#8220;solid&#8220;]<\/p>\n<h1 class=\"titolis2\">GARTEN UND POOL<\/h1>\n<ul class=\"testis\">\n<li>Schwimmbad mit nat\u00fcrlicher und umweltfreundlicher Chlor-Anlage (ideal f\u00fcr Kinder)<\/li>\n<li>Ausschlie\u00dfliche Verwendung von nat\u00fcrlichen D\u00fcngemitteln<\/li>\n<li>Kompostierung<\/li>\n<li>Projekt &#8222;La Casa delle Rondini&#8220;<\/li>\n<li>Getrennte Abfallentsorgung wird auch den G\u00e4sten angeboten<\/li>\n<\/ul>\n<p>[\/et_pb_text][\/et_pb_column][\/et_pb_row][et_pb_row padding_mobile=&#8220;off&#8220; column_padding_mobile=&#8220;on&#8220; _builder_version=&#8220;3.25&#8243; background_size=&#8220;initial&#8220; background_position=&#8220;top_left&#8220; background_repeat=&#8220;repeat&#8220; custom_padding=&#8220;0px|0px|0px|0px&#8220; make_fullwidth=&#8220;off&#8220; use_custom_width=&#8220;off&#8220; width_unit=&#8220;on&#8220;][et_pb_column type=&#8220;4_4&#8243; _builder_version=&#8220;3.25&#8243; custom_padding=&#8220;|||&#8220; custom_padding__hover=&#8220;|||&#8220;][et_pb_code admin_label=&#8220;Spazio&#8220;]<\/p>\n<div class=\"espace\"><\/div>\n<p>[\/et_pb_code][\/et_pb_column][\/et_pb_row][et_pb_row padding_mobile=&#8220;off&#8220; column_padding_mobile=&#8220;on&#8220; _builder_version=&#8220;3.25&#8243; background_size=&#8220;initial&#8220; background_position=&#8220;top_left&#8220; background_repeat=&#8220;repeat&#8220; custom_padding=&#8220;0px|0px|0px|0px&#8220; make_fullwidth=&#8220;off&#8220; use_custom_width=&#8220;off&#8220; width_unit=&#8220;on&#8220;][et_pb_column type=&#8220;4_4&#8243; _builder_version=&#8220;3.25&#8243; custom_padding=&#8220;|||&#8220; custom_padding__hover=&#8220;|||&#8220;][et_pb_text admin_label=&#8220;Testo %22Servizi Generali e Struttura%22&#8243; module_class=&#8220;textprinc&#8220; _builder_version=&#8220;4.9.10&#8243; text_font=&#8220;Judson||||&#8220; text_font_size=&#8220;18&#8243; text_line_height=&#8220;1.8em&#8220; background_color=&#8220;#ffffff&#8220; background_size=&#8220;initial&#8220; background_position=&#8220;top_left&#8220; background_repeat=&#8220;repeat&#8220; hover_enabled=&#8220;0&#8243; use_border_color=&#8220;off&#8220; border_color=&#8220;#ffffff&#8220; border_style=&#8220;solid&#8220; sticky_enabled=&#8220;0&#8243;]<\/p>\n<h1 class=\"titolis2\">ALLGEMEINE DIENSTLEISTUNGEN UND AUFBAU<\/h1>\n<ul class=\"testis\">\n<li>Im Laufe der Jahre fand man heraus, das viele kleinere Geb\u00e4ude weniger Einfluss auf die Natur haben als ein Grosses<\/li>\n<li>100% der eingesetzten Energie stammt aus erneuerbaren Quellen<\/li>\n<li>Photovoltaikanlage zur Erzeugung von Strom (ab 20kW)<\/li>\n<li>Chiller-system f\u00fcr die Warmwasserbereitung<\/li>\n<li>Reduzierung und Optimierung des Wasserverbrauchs<\/li>\n<li>Reduzierung und Optimierung des Energieverbrauchs<\/li>\n<li>Zertifizierung \u00d6ko-Label Umwelt IT\/025\/360<\/li>\n<\/ul>\n<p>[\/et_pb_text][\/et_pb_column][\/et_pb_row][et_pb_row padding_mobile=&#8220;off&#8220; column_padding_mobile=&#8220;on&#8220; _builder_version=&#8220;3.25&#8243; background_size=&#8220;initial&#8220; background_position=&#8220;top_left&#8220; background_repeat=&#8220;repeat&#8220; custom_padding=&#8220;0px|0px|0px|0px&#8220; make_fullwidth=&#8220;off&#8220; use_custom_width=&#8220;off&#8220; width_unit=&#8220;on&#8220;][et_pb_column type=&#8220;4_4&#8243; _builder_version=&#8220;3.25&#8243; custom_padding=&#8220;|||&#8220; custom_padding__hover=&#8220;|||&#8220;][et_pb_code admin_label=&#8220;Spazio&#8220;]<\/p>\n<div class=\"espace\"><\/div>\n<p>[\/et_pb_code][\/et_pb_column][\/et_pb_row][\/et_pb_section]<\/p>\n","protected":false},"excerpt":{"rendered":"<p>HOME&nbsp;&nbsp;&gt;&nbsp;&nbsp;\u00d6KO-HOTEL&nbsp;&nbsp;&gt;&nbsp;&nbsp;ECODECALOGO ECODECALOGO (work in progress&#8230;) RESTAURANT Es werden keine Produkte verwendet, die auf der Etikette GVO vorweisen (gentechnisch ver\u00e4nderte Organismen) Bestimmte Lebensmittel die verarbeitet werden sind BIO (Fr\u00fchst\u00fcck) Einige Gerichte im Men\u00fc sind lokaler Herkunft (0 km) Es werden nur wenig Einweg-Produkte verwendet (mit hoher Produktion von Verpackungen) Es werden Produkte mit wenig Verpackung gew\u00e4hl [&hellip;]<\/p>\n","protected":false},"author":1,"featured_media":0,"parent":1926,"menu_order":1,"comment_status":"closed","ping_status":"closed","template":"","meta":{"_et_pb_use_builder":"on","_et_pb_old_content":"","_et_gb_content_width":"","_joinchat":[],"footnotes":""},"class_list":["post-1930","page","type-page","status-publish","hentry"],"_links":{"self":[{"href":"https:\/\/www.welcometoelba.com\/de\/wp-json\/wp\/v2\/pages\/1930","targetHints":{"allow":["GET"]}}],"collection":[{"href":"https:\/\/www.welcometoelba.com\/de\/wp-json\/wp\/v2\/pages"}],"about":[{"href":"https:\/\/www.welcometoelba.com\/de\/wp-json\/wp\/v2\/types\/page"}],"author":[{"embeddable":true,"href":"https:\/\/www.welcometoelba.com\/de\/wp-json\/wp\/v2\/users\/1"}],"replies":[{"embeddable":true,"href":"https:\/\/www.welcometoelba.com\/de\/wp-json\/wp\/v2\/comments?post=1930"}],"version-history":[{"count":12,"href":"https:\/\/www.welcometoelba.com\/de\/wp-json\/wp\/v2\/pages\/1930\/revisions"}],"predecessor-version":[{"id":12321,"href":"https:\/\/www.welcometoelba.com\/de\/wp-json\/wp\/v2\/pages\/1930\/revisions\/12321"}],"up":[{"embeddable":true,"href":"https:\/\/www.welcometoelba.com\/de\/wp-json\/wp\/v2\/pages\/1926"}],"wp:attachment":[{"href":"https:\/\/www.welcometoelba.com\/de\/wp-json\/wp\/v2\/media?parent=1930"}],"curies":[{"name":"wp","href":"https:\/\/api.w.org\/{rel}","templated":true}]}}